{"id":45597,"date":"2026-01-27T20:54:59","date_gmt":"2026-01-27T20:54:59","guid":{"rendered":"https:\/\/www.deporteseli.com\/?product=zapatillas-para-correr-duramo-speed-2"},"modified":"2026-03-22T05:19:02","modified_gmt":"2026-03-22T05:19:02","slug":"zapatillas-para-correr-duramo-speed-2","status":"publish","type":"product","link":"https:\/\/www.deporteseli.com\/?product=zapatillas-para-correr-duramo-speed-2","title":{"rendered":"ZAPATILLAS PARA CORRER DURAMO SPEED 2"},"content":{"rendered":"<p>ZAPATILLAS DE RUNNING LIGERAS Y R\u00c1PIDAS FABRICADAS EN PARTE CON MATERIALES RECICLADOS.  Whether you have a 10k on your calendar or a personal running goal in sight, these adidas running shoes help you train with purpose. They&#8217;re light and fast with responsive Lightstrike cushioning and a TPU outsole that offers traction on the road or track. The engineered mesh upper is breathable and supportive, so you can keep pushing your pace.    Este producto contiene al menos un 20 % de material reciclado. Utilizando materiales reciclados disminuimos los residuos, nuestra dependencia de los recursos finitos y la huella que generan los productos que fabricamos.  Ajuste cl\u00e1sico  Cierre de cordones  Exterior textil y sint\u00e9tico  Forro interno en material sint\u00e9tico y textil  Amortiguaci\u00f3n Lightstrike  Suela de caucho y TPU para toda superficie  Peso 270 gramos (talla UK 8.5)  Ca\u00edda mediasuela: 6.5 mm (heel 34.9 mm \/ forefoot 28.4 mm)  Contiene al menos un 20 % de material reciclado  Color del art\u00edculo: Lucid Blue \/ Impact Orange \/ Halo Silver  N\u00famero de art\u00edculo: IH8202                                                                                                                                                                                                                                                                                                                                                                                                                                                                                                                                                                                                                                                                                                                                                                                                                                                                                                                                                                                                                                        <\/p>\n","protected":false},"excerpt":{"rendered":"<p>ZAPATILLAS PARA CORRER DURAMO SPEED 2<\/p>\n","protected":false},"featured_media":58396,"template":"","meta":[],"product_brand":[],"product_cat":[259],"product_tag":[18],"class_list":{"0":"post-45597","1":"product","2":"type-product","3":"status-publish","4":"has-post-thumbnail","6":"product_cat-hombre_calzado_running","7":"product_tag-adidas","8":"pa_color-unico","9":"pa_talla-43-5","10":"pa_talla-44-5","11":"pa_talla-161","12":"thunk-woo-product-list","13":"opn-qv-enable","14":"open-woo-hover-","15":"open-single-product-tab-horizontal","16":"open-shadow-","17":"open-shadow-hover-","19":"first","20":"instock","21":"sale","22":"shipping-taxable","23":"purchasable","24":"product-type-variable"},"jetpack_sharing_enabled":true,"_links":{"self":[{"href":"https:\/\/www.deporteseli.com\/index.php?rest_route=\/wp\/v2\/product\/45597","targetHints":{"allow":["GET"]}}],"collection":[{"href":"https:\/\/www.deporteseli.com\/index.php?rest_route=\/wp\/v2\/product"}],"about":[{"href":"https:\/\/www.deporteseli.com\/index.php?rest_route=\/wp\/v2\/types\/product"}],"wp:featuredmedia":[{"embeddable":true,"href":"https:\/\/www.deporteseli.com\/index.php?rest_route=\/wp\/v2\/media\/58396"}],"wp:attachment":[{"href":"https:\/\/www.deporteseli.com\/index.php?rest_route=%2Fwp%2Fv2%2Fmedia&parent=45597"}],"wp:term":[{"taxonomy":"product_brand","embeddable":true,"href":"https:\/\/www.deporteseli.com\/index.php?rest_route=%2Fwp%2Fv2%2Fproduct_brand&post=45597"},{"taxonomy":"product_cat","embeddable":true,"href":"https:\/\/www.deporteseli.com\/index.php?rest_route=%2Fwp%2Fv2%2Fproduct_cat&post=45597"},{"taxonomy":"product_tag","embeddable":true,"href":"https:\/\/www.deporteseli.com\/index.php?rest_route=%2Fwp%2Fv2%2Fproduct_tag&post=45597"}],"curies":[{"name":"wp","href":"https:\/\/api.w.org\/{rel}","templated":true}]}}