{"id":45582,"date":"2026-01-27T20:54:36","date_gmt":"2026-01-27T20:54:36","guid":{"rendered":"https:\/\/www.deporteseli.com\/?product=tenis-adidas-if4092"},"modified":"2026-03-07T06:23:20","modified_gmt":"2026-03-07T06:23:20","slug":"tenis-adidas-if4092","status":"publish","type":"product","link":"https:\/\/www.deporteseli.com\/?product=tenis-adidas-if4092","title":{"rendered":"TENIS ADIDAS IF4092"},"content":{"rendered":"<p>DESCRIPCI\u00d3N  Lleva tu estilo informal a otro nivel. Esta zapatilla adidas combina una silueta de inspiraci\u00f3n retro con un confort actual. La parte superior suave incluye un forro ligero que aumenta la sensaci\u00f3n de frescura. La suela de goma te ofrece una pisada c\u00f3moda durante todo el d\u00eda, ya sea para ir de compras o salir a tomar un caf\u00e9 con tus amigos.  Este producto contiene al menos un 20% de materiales reciclados. Utilizando materiales reciclados, reducimos los residuos, nuestra dependencia de los recursos finitos y la huella que generan los productos que fabricamos.                                                                                                                                                                                                                                                                                                                                                                                                                                                                                                                                                                                                                                                                                                                                                                                                                                                                                                                                                                                                                                        <\/p>\n","protected":false},"excerpt":{"rendered":"<p>TENIS ADIDAS IF4092<\/p>\n","protected":false},"featured_media":58386,"template":"","meta":[],"product_brand":[],"product_cat":[287],"product_tag":[18],"class_list":{"0":"post-45582","1":"product","2":"type-product","3":"status-publish","4":"has-post-thumbnail","6":"product_cat-mujer_calzado_casual","7":"product_tag-adidas","8":"pa_color-unico","9":"pa_talla-37-5","10":"pa_talla-39-5","11":"pa_talla-149","12":"pa_talla-40-5","13":"thunk-woo-product-list","14":"opn-qv-enable","15":"open-woo-hover-","16":"open-single-product-tab-horizontal","17":"open-shadow-","18":"open-shadow-hover-","20":"first","21":"instock","22":"shipping-taxable","23":"purchasable","24":"product-type-variable"},"jetpack_sharing_enabled":true,"_links":{"self":[{"href":"https:\/\/www.deporteseli.com\/index.php?rest_route=\/wp\/v2\/product\/45582","targetHints":{"allow":["GET"]}}],"collection":[{"href":"https:\/\/www.deporteseli.com\/index.php?rest_route=\/wp\/v2\/product"}],"about":[{"href":"https:\/\/www.deporteseli.com\/index.php?rest_route=\/wp\/v2\/types\/product"}],"wp:featuredmedia":[{"embeddable":true,"href":"https:\/\/www.deporteseli.com\/index.php?rest_route=\/wp\/v2\/media\/58386"}],"wp:attachment":[{"href":"https:\/\/www.deporteseli.com\/index.php?rest_route=%2Fwp%2Fv2%2Fmedia&parent=45582"}],"wp:term":[{"taxonomy":"product_brand","embeddable":true,"href":"https:\/\/www.deporteseli.com\/index.php?rest_route=%2Fwp%2Fv2%2Fproduct_brand&post=45582"},{"taxonomy":"product_cat","embeddable":true,"href":"https:\/\/www.deporteseli.com\/index.php?rest_route=%2Fwp%2Fv2%2Fproduct_cat&post=45582"},{"taxonomy":"product_tag","embeddable":true,"href":"https:\/\/www.deporteseli.com\/index.php?rest_route=%2Fwp%2Fv2%2Fproduct_tag&post=45582"}],"curies":[{"name":"wp","href":"https:\/\/api.w.org\/{rel}","templated":true}]}}