{"id":45578,"date":"2026-01-27T20:54:29","date_gmt":"2026-01-27T20:54:29","guid":{"rendered":"https:\/\/www.deporteseli.com\/?product=rodilleras-voleibol-5-inch"},"modified":"2026-03-31T04:17:55","modified_gmt":"2026-03-31T04:17:55","slug":"rodilleras-voleibol-5-inch","status":"publish","type":"product","link":"https:\/\/www.deporteseli.com\/?product=rodilleras-voleibol-5-inch","title":{"rendered":"RODILLERAS VOLEIBOL 5-INCH"},"content":{"rendered":"<p>PROTECCI\u00d3N Y COMODIDAD  Mu\u00e9vete por la pista con total confianza. Estas rodilleras adidas se han creado espec\u00edficamente para el voleibol y te ofrecen la comodidad que necesitas para devolver cada bal\u00f3n. Su dise\u00f1o ajustado pero flexible las mantiene en su sitio para que solo te concentres en ganar el partido.    Este producto se ha fabricado con al menos un 50% de materiales reciclados. Utilizando materiales reciclados, reducimos los residuos, nuestra dependencia de los recursos finitos y la huella que generan los productos que fabricamos.  Largo de la media: 12,75 cm  59% poli\u00e9ster (reciclado) \/ 23% ramio \/ 18% elastano  Color del art\u00edculo: Black \/ White  N\u00famero de art\u00edculo: IW1504                                                                                                                                                                                                                                                                                                                                                                                                                                                                                                                                                                                                                                                                                                                                                                                                                                                                                                                                                                                                                                        <\/p>\n","protected":false},"excerpt":{"rendered":"<p>RODILLERAS VOLEIBOL 5-INCH<\/p>\n","protected":false},"featured_media":58383,"template":"","meta":[],"product_brand":[],"product_cat":[349],"product_tag":[18],"class_list":{"0":"post-45578","1":"product","2":"type-product","3":"status-publish","4":"has-post-thumbnail","6":"product_cat-deportes_volley","7":"product_tag-adidas","8":"pa_color-unico","9":"pa_talla-l","10":"pa_talla-m","11":"pa_talla-s","12":"thunk-woo-product-list","13":"opn-qv-enable","14":"open-woo-hover-","15":"open-single-product-tab-horizontal","16":"open-shadow-","17":"open-shadow-hover-","19":"first","20":"instock","21":"shipping-taxable","22":"purchasable","23":"product-type-variable"},"jetpack_sharing_enabled":true,"_links":{"self":[{"href":"https:\/\/www.deporteseli.com\/index.php?rest_route=\/wp\/v2\/product\/45578","targetHints":{"allow":["GET"]}}],"collection":[{"href":"https:\/\/www.deporteseli.com\/index.php?rest_route=\/wp\/v2\/product"}],"about":[{"href":"https:\/\/www.deporteseli.com\/index.php?rest_route=\/wp\/v2\/types\/product"}],"wp:featuredmedia":[{"embeddable":true,"href":"https:\/\/www.deporteseli.com\/index.php?rest_route=\/wp\/v2\/media\/58383"}],"wp:attachment":[{"href":"https:\/\/www.deporteseli.com\/index.php?rest_route=%2Fwp%2Fv2%2Fmedia&parent=45578"}],"wp:term":[{"taxonomy":"product_brand","embeddable":true,"href":"https:\/\/www.deporteseli.com\/index.php?rest_route=%2Fwp%2Fv2%2Fproduct_brand&post=45578"},{"taxonomy":"product_cat","embeddable":true,"href":"https:\/\/www.deporteseli.com\/index.php?rest_route=%2Fwp%2Fv2%2Fproduct_cat&post=45578"},{"taxonomy":"product_tag","embeddable":true,"href":"https:\/\/www.deporteseli.com\/index.php?rest_route=%2Fwp%2Fv2%2Fproduct_tag&post=45578"}],"curies":[{"name":"wp","href":"https:\/\/api.w.org\/{rel}","templated":true}]}}