{"id":45576,"date":"2026-01-27T20:54:24","date_gmt":"2026-01-27T20:54:24","guid":{"rendered":"https:\/\/www.deporteseli.com\/?product=mochila-tour-padel"},"modified":"2026-04-18T04:18:49","modified_gmt":"2026-04-18T04:18:49","slug":"mochila-tour-padel","status":"publish","type":"product","link":"https:\/\/www.deporteseli.com\/?product=mochila-tour-padel","title":{"rendered":"MOCHILA TOUR PADEL"},"content":{"rendered":"<p>Viaja a las pistas con tu equipo organizado y accesorios a mano. La mochila Tour Red Padel ofrece versatilidad y protecci\u00f3n para tu equipo, dise\u00f1ada en el ic\u00f3nico color rojo de Wilson. Cuenta con dos amplios compartimentos principales, uno con forro Thermofoil para proteger el equipo de temperaturas extremas. Un bolsillo frontal con cremallera para accesorios es perfecto para guardar objetos peque\u00f1os y de valor. Fabricada en poli\u00e9ster resistente, la mochila ofrece dos maneras de llevarla: en la mano con su asa superior o con las correas acolchadas para los hombros.                                                                                                                                                                                                                                                                                                                                                                                                                                                                                                                                                                                                                                                                                                                                                                                                                                                                                                                                                                                                                                        <\/p>\n","protected":false},"excerpt":{"rendered":"<p>MOCHILA TOUR PADEL<\/p>\n","protected":false},"featured_media":58379,"template":"","meta":[],"product_brand":[],"product_cat":[355],"product_tag":[57],"class_list":{"0":"post-45576","1":"product","2":"type-product","3":"status-publish","4":"has-post-thumbnail","6":"product_cat-padel_y_tenis_mochilas","7":"product_tag-wilson","8":"pa_color-unico","9":"pa_talla-unica","10":"thunk-woo-product-list","11":"opn-qv-enable","12":"open-woo-hover-","13":"open-single-product-tab-horizontal","14":"open-shadow-","15":"open-shadow-hover-","17":"first","18":"instock","19":"sale","20":"shipping-taxable","21":"purchasable","22":"product-type-variable"},"jetpack_sharing_enabled":true,"_links":{"self":[{"href":"https:\/\/www.deporteseli.com\/index.php?rest_route=\/wp\/v2\/product\/45576","targetHints":{"allow":["GET"]}}],"collection":[{"href":"https:\/\/www.deporteseli.com\/index.php?rest_route=\/wp\/v2\/product"}],"about":[{"href":"https:\/\/www.deporteseli.com\/index.php?rest_route=\/wp\/v2\/types\/product"}],"wp:featuredmedia":[{"embeddable":true,"href":"https:\/\/www.deporteseli.com\/index.php?rest_route=\/wp\/v2\/media\/58379"}],"wp:attachment":[{"href":"https:\/\/www.deporteseli.com\/index.php?rest_route=%2Fwp%2Fv2%2Fmedia&parent=45576"}],"wp:term":[{"taxonomy":"product_brand","embeddable":true,"href":"https:\/\/www.deporteseli.com\/index.php?rest_route=%2Fwp%2Fv2%2Fproduct_brand&post=45576"},{"taxonomy":"product_cat","embeddable":true,"href":"https:\/\/www.deporteseli.com\/index.php?rest_route=%2Fwp%2Fv2%2Fproduct_cat&post=45576"},{"taxonomy":"product_tag","embeddable":true,"href":"https:\/\/www.deporteseli.com\/index.php?rest_route=%2Fwp%2Fv2%2Fproduct_tag&post=45576"}],"curies":[{"name":"wp","href":"https:\/\/api.w.org\/{rel}","templated":true}]}}