{"id":45570,"date":"2026-01-27T20:54:16","date_gmt":"2026-01-27T20:54:16","guid":{"rendered":"https:\/\/www.deporteseli.com\/?product=raquetero-wilson"},"modified":"2026-01-27T20:54:17","modified_gmt":"2026-01-27T20:54:17","slug":"raquetero-wilson","status":"publish","type":"product","link":"https:\/\/www.deporteseli.com\/?product=raquetero-wilson","title":{"rendered":"RAQUETERO WILSON"},"content":{"rendered":"<p>Con un dise\u00f1o inspirado en m\u00e1s de un siglo de la herencia de Wilson, la silueta actualizada del Tour 12 Pack le da a esta vers\u00e1til y multifuncional bolsa un estilo elegante y moderno. Cuenta con dos compartimentos principales con capacidad para hasta una docena de raquetas, adem\u00e1s de ropa, zapatos y otros accesorios de tenis. Dos bolsillos adicionales en el exterior permiten guardar objetos personales y de valor m\u00e1s peque\u00f1os. Ll\u00e9vala en la mano gracias al asa superior o usa las correas de hombro acolchadas y ajustables.                                                                                                                                                                                                                                                                                                                                                                                                                                                                                                                                                                                                                                                                                                                                                                                                                                                                                                                                                                                                                                        <\/p>\n","protected":false},"excerpt":{"rendered":"<p>RAQUETERO WILSON<\/p>\n","protected":false},"featured_media":58371,"template":"","meta":[],"product_brand":[],"product_cat":[348],"product_tag":[57],"class_list":{"0":"post-45570","1":"product","2":"type-product","3":"status-publish","4":"has-post-thumbnail","6":"product_cat-deportes_tenis","7":"product_tag-wilson","8":"pa_color-unico","9":"pa_talla-unica","10":"thunk-woo-product-list","11":"opn-qv-enable","12":"open-woo-hover-","13":"open-single-product-tab-horizontal","14":"open-shadow-","15":"open-shadow-hover-","17":"first","18":"instock","19":"sale","20":"shipping-taxable","21":"purchasable","22":"product-type-variable"},"jetpack_sharing_enabled":true,"_links":{"self":[{"href":"https:\/\/www.deporteseli.com\/index.php?rest_route=\/wp\/v2\/product\/45570","targetHints":{"allow":["GET"]}}],"collection":[{"href":"https:\/\/www.deporteseli.com\/index.php?rest_route=\/wp\/v2\/product"}],"about":[{"href":"https:\/\/www.deporteseli.com\/index.php?rest_route=\/wp\/v2\/types\/product"}],"wp:featuredmedia":[{"embeddable":true,"href":"https:\/\/www.deporteseli.com\/index.php?rest_route=\/wp\/v2\/media\/58371"}],"wp:attachment":[{"href":"https:\/\/www.deporteseli.com\/index.php?rest_route=%2Fwp%2Fv2%2Fmedia&parent=45570"}],"wp:term":[{"taxonomy":"product_brand","embeddable":true,"href":"https:\/\/www.deporteseli.com\/index.php?rest_route=%2Fwp%2Fv2%2Fproduct_brand&post=45570"},{"taxonomy":"product_cat","embeddable":true,"href":"https:\/\/www.deporteseli.com\/index.php?rest_route=%2Fwp%2Fv2%2Fproduct_cat&post=45570"},{"taxonomy":"product_tag","embeddable":true,"href":"https:\/\/www.deporteseli.com\/index.php?rest_route=%2Fwp%2Fv2%2Fproduct_tag&post=45570"}],"curies":[{"name":"wp","href":"https:\/\/api.w.org\/{rel}","templated":true}]}}