{"id":45566,"date":"2026-01-27T20:54:11","date_gmt":"2026-01-27T20:54:11","guid":{"rendered":"https:\/\/www.deporteseli.com\/?product=raqueta-de-tenis-intrigue-jr-23"},"modified":"2026-03-10T05:22:47","modified_gmt":"2026-03-10T05:22:47","slug":"raqueta-de-tenis-intrigue-jr-23","status":"publish","type":"product","link":"https:\/\/www.deporteseli.com\/?product=raqueta-de-tenis-intrigue-jr-23","title":{"rendered":"RAQUETA DE TENIS INTRIGUE JR 23"},"content":{"rendered":"<p>La Wilson Intrigue JR 23 para ni\u00f1as j\u00fanior es una raqueta de tenis ligera y f\u00e1cil de manejar, perfecta para principiantes. Con una paleta de colores divertida y juvenil, su marco de aluminio AirLite Alloy ofrece una combinaci\u00f3n perfecta de ligereza, durabilidad y una resistencia impresionante. Las tecnolog\u00edas del marco, ideales para principiantes, la hacen estable, potente y f\u00e1cil de manejar, para que las nuevas jugadoras alcancen el \u00e9xito en cada entrada a la pista. Esta raqueta de 23 pulgadas viene preencordada, lista para usar de inmediato. Recomendada para jugadoras de 7 a 8 a\u00f1os.                                                                                                                                                                                                                                                                                                                                                                                                                                                                                                                                                                                                                                                                                                                                                                                                                                                                                                                                                                                                                                        <\/p>\n","protected":false},"excerpt":{"rendered":"<p>RAQUETA DE TENIS INTRIGUE JR 23<\/p>\n","protected":false},"featured_media":58365,"template":"","meta":[],"product_brand":[],"product_cat":[348],"product_tag":[57],"class_list":{"0":"post-45566","1":"product","2":"type-product","3":"status-publish","4":"has-post-thumbnail","6":"product_cat-deportes_tenis","7":"product_tag-wilson","8":"pa_color-unico","9":"pa_talla-unica","10":"thunk-woo-product-list","11":"opn-qv-enable","12":"open-woo-hover-","13":"open-single-product-tab-horizontal","14":"open-shadow-","15":"open-shadow-hover-","17":"first","18":"instock","19":"sale","20":"shipping-taxable","21":"purchasable","22":"product-type-variable"},"jetpack_sharing_enabled":true,"_links":{"self":[{"href":"https:\/\/www.deporteseli.com\/index.php?rest_route=\/wp\/v2\/product\/45566","targetHints":{"allow":["GET"]}}],"collection":[{"href":"https:\/\/www.deporteseli.com\/index.php?rest_route=\/wp\/v2\/product"}],"about":[{"href":"https:\/\/www.deporteseli.com\/index.php?rest_route=\/wp\/v2\/types\/product"}],"wp:featuredmedia":[{"embeddable":true,"href":"https:\/\/www.deporteseli.com\/index.php?rest_route=\/wp\/v2\/media\/58365"}],"wp:attachment":[{"href":"https:\/\/www.deporteseli.com\/index.php?rest_route=%2Fwp%2Fv2%2Fmedia&parent=45566"}],"wp:term":[{"taxonomy":"product_brand","embeddable":true,"href":"https:\/\/www.deporteseli.com\/index.php?rest_route=%2Fwp%2Fv2%2Fproduct_brand&post=45566"},{"taxonomy":"product_cat","embeddable":true,"href":"https:\/\/www.deporteseli.com\/index.php?rest_route=%2Fwp%2Fv2%2Fproduct_cat&post=45566"},{"taxonomy":"product_tag","embeddable":true,"href":"https:\/\/www.deporteseli.com\/index.php?rest_route=%2Fwp%2Fv2%2Fproduct_tag&post=45566"}],"curies":[{"name":"wp","href":"https:\/\/api.w.org\/{rel}","templated":true}]}}