{"id":45558,"date":"2026-01-27T20:53:59","date_gmt":"2026-01-27T20:53:59","guid":{"rendered":"https:\/\/www.deporteseli.com\/?product=raqueta-de-tenis-slam-jr-25"},"modified":"2026-03-24T12:47:22","modified_gmt":"2026-03-24T12:47:22","slug":"raqueta-de-tenis-slam-jr-25","status":"publish","type":"product","link":"https:\/\/www.deporteseli.com\/?product=raqueta-de-tenis-slam-jr-25","title":{"rendered":"RAQUETA DE TENIS SLAM JR 25"},"content":{"rendered":"<p>Colores divertidos inspirados en la juventud y un dise\u00f1o f\u00e1cil de manejar hacen de la Wilson Slam Jr 25 para ni\u00f1os j\u00fanior una raqueta ideal para principiantes mientras aprenden a jugar. Fabricada con un marco de aluminio AirLite Alloy, la Slam JR destaca por su ligereza, durabilidad y una resistencia impresionante. Las tecnolog\u00edas optimizadas para cada habilidad en el marco la hacen estable, potente y f\u00e1cil de manejar, para que los nuevos jugadores experimenten el \u00e9xito inmediato al entrar en la cancha. Esta brillante y din\u00e1mica raqueta de 25 pulgadas viene preencordada, lista para usar de inmediato. Recomendada para jugadores de 9 a 10 a\u00f1os.                                                                                                                                                                                                                                                                                                                                                                                                                                                                                                                                                                                                                                                                                                                                                                                                                                                                                                                                                                                                                                        <\/p>\n","protected":false},"excerpt":{"rendered":"<p>RAQUETA DE TENIS SLAM JR 25<\/p>\n","protected":false},"featured_media":58351,"template":"","meta":[],"product_brand":[],"product_cat":[348],"product_tag":[57],"class_list":{"0":"post-45558","1":"product","2":"type-product","3":"status-publish","4":"has-post-thumbnail","6":"product_cat-deportes_tenis","7":"product_tag-wilson","8":"pa_color-unico","9":"pa_talla-unica","10":"thunk-woo-product-list","11":"opn-qv-enable","12":"open-woo-hover-","13":"open-single-product-tab-horizontal","14":"open-shadow-","15":"open-shadow-hover-","17":"first","18":"instock","19":"sale","20":"shipping-taxable","21":"purchasable","22":"product-type-variable"},"jetpack_sharing_enabled":true,"_links":{"self":[{"href":"https:\/\/www.deporteseli.com\/index.php?rest_route=\/wp\/v2\/product\/45558","targetHints":{"allow":["GET"]}}],"collection":[{"href":"https:\/\/www.deporteseli.com\/index.php?rest_route=\/wp\/v2\/product"}],"about":[{"href":"https:\/\/www.deporteseli.com\/index.php?rest_route=\/wp\/v2\/types\/product"}],"wp:featuredmedia":[{"embeddable":true,"href":"https:\/\/www.deporteseli.com\/index.php?rest_route=\/wp\/v2\/media\/58351"}],"wp:attachment":[{"href":"https:\/\/www.deporteseli.com\/index.php?rest_route=%2Fwp%2Fv2%2Fmedia&parent=45558"}],"wp:term":[{"taxonomy":"product_brand","embeddable":true,"href":"https:\/\/www.deporteseli.com\/index.php?rest_route=%2Fwp%2Fv2%2Fproduct_brand&post=45558"},{"taxonomy":"product_cat","embeddable":true,"href":"https:\/\/www.deporteseli.com\/index.php?rest_route=%2Fwp%2Fv2%2Fproduct_cat&post=45558"},{"taxonomy":"product_tag","embeddable":true,"href":"https:\/\/www.deporteseli.com\/index.php?rest_route=%2Fwp%2Fv2%2Fproduct_tag&post=45558"}],"curies":[{"name":"wp","href":"https:\/\/api.w.org\/{rel}","templated":true}]}}