{"id":45552,"date":"2026-01-27T20:53:51","date_gmt":"2026-01-27T20:53:51","guid":{"rendered":"https:\/\/www.deporteseli.com\/?product=camisa-8000-valeska-2"},"modified":"2026-03-07T06:23:15","modified_gmt":"2026-03-07T06:23:15","slug":"camisa-8000-valeska-2","status":"publish","type":"product","link":"https:\/\/www.deporteseli.com\/?product=camisa-8000-valeska-2","title":{"rendered":"CAMISA  8000 VALESKA"},"content":{"rendered":"<p>Camiseta de hombro ca\u00eddo, fitting standard con corte ergon\u00f3mico lateral ligeramente entallado en la cintura, panel en espalda de rejilla estampado.    Tejido de poli\u00e9ster con elast\u00e1n en calidad Drynamic (secado r\u00e1pido).    Inserci\u00f3n de tul estampado en la espalda.    Logo reflectante en el pecho.    Composici\u00f3n: 95% poli\u00e9ster-5% elast\u00e1n, single jersey.                                                                                                                                                                                                                                                                                                                                                                                                                                                                                                                                                                                                                                                                                                                                                                                                                                                                                                                                                                                                                                        <\/p>\n","protected":false},"excerpt":{"rendered":"<p>CAMISA  8000 VALESKA<\/p>\n","protected":false},"featured_media":58346,"template":"","meta":[],"product_brand":[],"product_cat":[269],"product_tag":[53],"class_list":{"0":"post-45552","1":"product","2":"type-product","3":"status-publish","4":"has-post-thumbnail","6":"product_cat-mujer_textil_camisetas","7":"product_tag-_8000","8":"pa_color-unico","9":"pa_talla-l","10":"pa_talla-m","11":"pa_talla-s","12":"thunk-woo-product-list","13":"opn-qv-enable","14":"open-woo-hover-","15":"open-single-product-tab-horizontal","16":"open-shadow-","17":"open-shadow-hover-","19":"first","20":"instock","21":"shipping-taxable","22":"purchasable","23":"product-type-variable"},"jetpack_sharing_enabled":true,"_links":{"self":[{"href":"https:\/\/www.deporteseli.com\/index.php?rest_route=\/wp\/v2\/product\/45552","targetHints":{"allow":["GET"]}}],"collection":[{"href":"https:\/\/www.deporteseli.com\/index.php?rest_route=\/wp\/v2\/product"}],"about":[{"href":"https:\/\/www.deporteseli.com\/index.php?rest_route=\/wp\/v2\/types\/product"}],"wp:featuredmedia":[{"embeddable":true,"href":"https:\/\/www.deporteseli.com\/index.php?rest_route=\/wp\/v2\/media\/58346"}],"wp:attachment":[{"href":"https:\/\/www.deporteseli.com\/index.php?rest_route=%2Fwp%2Fv2%2Fmedia&parent=45552"}],"wp:term":[{"taxonomy":"product_brand","embeddable":true,"href":"https:\/\/www.deporteseli.com\/index.php?rest_route=%2Fwp%2Fv2%2Fproduct_brand&post=45552"},{"taxonomy":"product_cat","embeddable":true,"href":"https:\/\/www.deporteseli.com\/index.php?rest_route=%2Fwp%2Fv2%2Fproduct_cat&post=45552"},{"taxonomy":"product_tag","embeddable":true,"href":"https:\/\/www.deporteseli.com\/index.php?rest_route=%2Fwp%2Fv2%2Fproduct_tag&post=45552"}],"curies":[{"name":"wp","href":"https:\/\/api.w.org\/{rel}","templated":true}]}}