{"id":45549,"date":"2026-01-27T20:53:48","date_gmt":"2026-01-27T20:53:48","guid":{"rendered":"https:\/\/www.deporteseli.com\/?product=gorra-wilson"},"modified":"2026-03-11T05:18:40","modified_gmt":"2026-03-11T05:18:40","slug":"gorra-wilson","status":"publish","type":"product","link":"https:\/\/www.deporteseli.com\/?product=gorra-wilson","title":{"rendered":"GORRA WILSON"},"content":{"rendered":"<p>GORRA PERFORADA ACTIVA WILSON U   La gorra perforada U Active es una gorra de tenis de alta tecnolog\u00eda dise\u00f1ada para m\u00e1xima comodidad y concentraci\u00f3n durante el juego.        VENTAJAS:  La gorra mantiene su forma, se ajusta perfectamente a la cabeza y no interfiere durante el juego.    La banda interior de secado r\u00e1pido absorbe eficazmente el sudor y evita que entre en los ojos.    La visera curva protege los ojos del sol.    Las perforaciones l\u00e1ser en los laterales proporcionan una excelente ventilaci\u00f3n.    El cierre de hebilla te permite ajustar la gorra a tu talla.                                                                                                                                                                                                                                                                                                                                                                                                                                                                                                                                                                                                                                                                                                                                                                                                                                                                                                                                                                                                                                        <\/p>\n","protected":false},"excerpt":{"rendered":"<p>GORRA WILSON<\/p>\n","protected":false},"featured_media":58343,"template":"","meta":[],"product_brand":[],"product_cat":[399],"product_tag":[57],"class_list":{"0":"post-45549","1":"product","2":"type-product","3":"status-publish","4":"has-post-thumbnail","6":"product_cat-accesorios_gorras","7":"product_tag-wilson","8":"pa_color-negro","9":"pa_color-unico","10":"pa_talla-unica","11":"thunk-woo-product-list","12":"opn-qv-enable","13":"open-woo-hover-","14":"open-single-product-tab-horizontal","15":"open-shadow-","16":"open-shadow-hover-","18":"first","19":"instock","20":"shipping-taxable","21":"purchasable","22":"product-type-variable"},"jetpack_sharing_enabled":true,"_links":{"self":[{"href":"https:\/\/www.deporteseli.com\/index.php?rest_route=\/wp\/v2\/product\/45549","targetHints":{"allow":["GET"]}}],"collection":[{"href":"https:\/\/www.deporteseli.com\/index.php?rest_route=\/wp\/v2\/product"}],"about":[{"href":"https:\/\/www.deporteseli.com\/index.php?rest_route=\/wp\/v2\/types\/product"}],"wp:featuredmedia":[{"embeddable":true,"href":"https:\/\/www.deporteseli.com\/index.php?rest_route=\/wp\/v2\/media\/58343"}],"wp:attachment":[{"href":"https:\/\/www.deporteseli.com\/index.php?rest_route=%2Fwp%2Fv2%2Fmedia&parent=45549"}],"wp:term":[{"taxonomy":"product_brand","embeddable":true,"href":"https:\/\/www.deporteseli.com\/index.php?rest_route=%2Fwp%2Fv2%2Fproduct_brand&post=45549"},{"taxonomy":"product_cat","embeddable":true,"href":"https:\/\/www.deporteseli.com\/index.php?rest_route=%2Fwp%2Fv2%2Fproduct_cat&post=45549"},{"taxonomy":"product_tag","embeddable":true,"href":"https:\/\/www.deporteseli.com\/index.php?rest_route=%2Fwp%2Fv2%2Fproduct_tag&post=45549"}],"curies":[{"name":"wp","href":"https:\/\/api.w.org\/{rel}","templated":true}]}}