{"id":45538,"date":"2026-01-27T20:53:33","date_gmt":"2026-01-27T20:53:33","guid":{"rendered":"https:\/\/www.deporteseli.com\/?product=short-wilson-junior"},"modified":"2026-03-07T06:23:11","modified_gmt":"2026-03-07T06:23:11","slug":"short-wilson-junior","status":"publish","type":"product","link":"https:\/\/www.deporteseli.com\/?product=short-wilson-junior","title":{"rendered":"SHORT WILSON JUNIOR"},"content":{"rendered":"<p>Este Wilson Junior Boys Team Shorts 5in acompa\u00f1ar\u00e1 a tu joven campe\u00f3n en su progresi\u00f3n ten\u00edstica.    El tejido fino y ligero le asegurar\u00e1 una gran libertad de movimientos a la hora de desplazarse. Este pantal\u00f3n corto le mantendr\u00e1 fresco y seco durante todos sus esfuerzos. Sus bolsillos dar\u00e1n cabida a sus pelotas de tenis.                                                                                                                                                                                                                                                                                                                                                                                                                                                                                                                                                                                                                                                                                                                                                                                                                                                                                                                                                                                                                                        <\/p>\n","protected":false},"excerpt":{"rendered":"<p>SHORT WILSON JUNIOR<\/p>\n","protected":false},"featured_media":58337,"template":"","meta":[],"product_brand":[],"product_cat":[365],"product_tag":[57],"class_list":{"0":"post-45538","1":"product","2":"type-product","3":"status-publish","4":"has-post-thumbnail","6":"product_cat-padel_y_tenis_textil_shorts","7":"product_tag-wilson","8":"pa_color-unico","9":"pa_talla-l","10":"pa_talla-m","11":"pa_talla-s","12":"pa_talla-xl","13":"thunk-woo-product-list","14":"opn-qv-enable","15":"open-woo-hover-","16":"open-single-product-tab-horizontal","17":"open-shadow-","18":"open-shadow-hover-","20":"first","21":"instock","22":"shipping-taxable","23":"purchasable","24":"product-type-variable"},"jetpack_sharing_enabled":true,"_links":{"self":[{"href":"https:\/\/www.deporteseli.com\/index.php?rest_route=\/wp\/v2\/product\/45538","targetHints":{"allow":["GET"]}}],"collection":[{"href":"https:\/\/www.deporteseli.com\/index.php?rest_route=\/wp\/v2\/product"}],"about":[{"href":"https:\/\/www.deporteseli.com\/index.php?rest_route=\/wp\/v2\/types\/product"}],"wp:featuredmedia":[{"embeddable":true,"href":"https:\/\/www.deporteseli.com\/index.php?rest_route=\/wp\/v2\/media\/58337"}],"wp:attachment":[{"href":"https:\/\/www.deporteseli.com\/index.php?rest_route=%2Fwp%2Fv2%2Fmedia&parent=45538"}],"wp:term":[{"taxonomy":"product_brand","embeddable":true,"href":"https:\/\/www.deporteseli.com\/index.php?rest_route=%2Fwp%2Fv2%2Fproduct_brand&post=45538"},{"taxonomy":"product_cat","embeddable":true,"href":"https:\/\/www.deporteseli.com\/index.php?rest_route=%2Fwp%2Fv2%2Fproduct_cat&post=45538"},{"taxonomy":"product_tag","embeddable":true,"href":"https:\/\/www.deporteseli.com\/index.php?rest_route=%2Fwp%2Fv2%2Fproduct_tag&post=45538"}],"curies":[{"name":"wp","href":"https:\/\/api.w.org\/{rel}","templated":true}]}}