{"id":45533,"date":"2026-01-27T20:53:26","date_gmt":"2026-01-27T20:53:26","guid":{"rendered":"https:\/\/www.deporteseli.com\/?product=camisa-wilson-junior"},"modified":"2026-03-07T06:23:06","modified_gmt":"2026-03-07T06:23:06","slug":"camisa-wilson-junior","status":"publish","type":"product","link":"https:\/\/www.deporteseli.com\/?product=camisa-wilson-junior","title":{"rendered":"CAMISA WILSON JUNIOR"},"content":{"rendered":"<p>Esta Camiseta Wilson Junior Team Seamless para ni\u00f1o es imprescindible para los futuros entrenamientos y partidos de tenis de tu campe\u00f3n.    .    El tejido le proporcionar\u00e1 una excelente libertad de movimientos en la pista. Esta camiseta le proporcionar\u00e1 una comodidad \u00f3ptima evitando al m\u00e1ximo las rozaduras a la vez que evacua el sudor de la mejor manera posible. Adem\u00e1s, las ventilaciones de los laterales mantendr\u00e1n a tu hijo seco y fresco durante todo el esfuerzo.    En cuanto al dise\u00f1o, su color liso                                                                                                                                                                                                                                                                                                                                                                                                                                                                                                                                                                                                                                                                                                                                                                                                                                                                                                                                                                                                                                        <\/p>\n","protected":false},"excerpt":{"rendered":"<p>CAMISA WILSON JUNIOR<\/p>\n","protected":false},"featured_media":58336,"template":"","meta":[],"product_brand":[],"product_cat":[364],"product_tag":[57],"class_list":{"0":"post-45533","1":"product","2":"type-product","3":"status-publish","4":"has-post-thumbnail","6":"product_cat-padel_y_tenis_textil_camisas","7":"product_tag-wilson","8":"pa_color-unico","9":"pa_talla-l","10":"pa_talla-m","11":"pa_talla-s","12":"pa_talla-xl","13":"thunk-woo-product-list","14":"opn-qv-enable","15":"open-woo-hover-","16":"open-single-product-tab-horizontal","17":"open-shadow-","18":"open-shadow-hover-","20":"first","21":"instock","22":"shipping-taxable","23":"purchasable","24":"product-type-variable"},"jetpack_sharing_enabled":true,"_links":{"self":[{"href":"https:\/\/www.deporteseli.com\/index.php?rest_route=\/wp\/v2\/product\/45533","targetHints":{"allow":["GET"]}}],"collection":[{"href":"https:\/\/www.deporteseli.com\/index.php?rest_route=\/wp\/v2\/product"}],"about":[{"href":"https:\/\/www.deporteseli.com\/index.php?rest_route=\/wp\/v2\/types\/product"}],"wp:featuredmedia":[{"embeddable":true,"href":"https:\/\/www.deporteseli.com\/index.php?rest_route=\/wp\/v2\/media\/58336"}],"wp:attachment":[{"href":"https:\/\/www.deporteseli.com\/index.php?rest_route=%2Fwp%2Fv2%2Fmedia&parent=45533"}],"wp:term":[{"taxonomy":"product_brand","embeddable":true,"href":"https:\/\/www.deporteseli.com\/index.php?rest_route=%2Fwp%2Fv2%2Fproduct_brand&post=45533"},{"taxonomy":"product_cat","embeddable":true,"href":"https:\/\/www.deporteseli.com\/index.php?rest_route=%2Fwp%2Fv2%2Fproduct_cat&post=45533"},{"taxonomy":"product_tag","embeddable":true,"href":"https:\/\/www.deporteseli.com\/index.php?rest_route=%2Fwp%2Fv2%2Fproduct_tag&post=45533"}],"curies":[{"name":"wp","href":"https:\/\/api.w.org\/{rel}","templated":true}]}}