{"id":45521,"date":"2026-01-27T20:53:09","date_gmt":"2026-01-27T20:53:09","guid":{"rendered":"https:\/\/www.deporteseli.com\/?product=pantalon-corto-wilson"},"modified":"2026-03-07T06:22:53","modified_gmt":"2026-03-07T06:22:53","slug":"pantalon-corto-wilson","status":"publish","type":"product","link":"https:\/\/www.deporteseli.com\/?product=pantalon-corto-wilson","title":{"rendered":"PANTAL\u00f3N CORTO WILSON"},"content":{"rendered":"<p>Elige este pantal\u00f3n corto Wilson Team Pro 7in para tu pr\u00f3xima sesi\u00f3n de tenis.    Su tejido ligero te proporciona una comodidad y una libertad de movimientos sin precedentes. Tambi\u00e9n te beneficiar\u00e1s de una excelente transpirabilidad, por lo que te mantendr\u00e1s seco y fresco durante tus esfuerzos. Adem\u00e1s, la cintura el\u00e1stica te proporciona una sujeci\u00f3n perfecta cuando est\u00e1s en movimiento.                                                                                                                                                                                                                                                                                                                                                                                                                                                                                                                                                                                                                                                                                                                                                                                                                                                                                                                                                                                                                                        <\/p>\n","protected":false},"excerpt":{"rendered":"<p>PANTAL\u00f3N CORTO WILSON<\/p>\n","protected":false},"featured_media":58327,"template":"","meta":[],"product_brand":[],"product_cat":[365],"product_tag":[57],"class_list":{"0":"post-45521","1":"product","2":"type-product","3":"status-publish","4":"has-post-thumbnail","6":"product_cat-padel_y_tenis_textil_shorts","7":"product_tag-wilson","8":"pa_color-unico","9":"pa_talla-l","10":"pa_talla-m","11":"pa_talla-xl","12":"thunk-woo-product-list","13":"opn-qv-enable","14":"open-woo-hover-","15":"open-single-product-tab-horizontal","16":"open-shadow-","17":"open-shadow-hover-","19":"first","20":"instock","21":"shipping-taxable","22":"purchasable","23":"product-type-variable"},"jetpack_sharing_enabled":true,"_links":{"self":[{"href":"https:\/\/www.deporteseli.com\/index.php?rest_route=\/wp\/v2\/product\/45521","targetHints":{"allow":["GET"]}}],"collection":[{"href":"https:\/\/www.deporteseli.com\/index.php?rest_route=\/wp\/v2\/product"}],"about":[{"href":"https:\/\/www.deporteseli.com\/index.php?rest_route=\/wp\/v2\/types\/product"}],"wp:featuredmedia":[{"embeddable":true,"href":"https:\/\/www.deporteseli.com\/index.php?rest_route=\/wp\/v2\/media\/58327"}],"wp:attachment":[{"href":"https:\/\/www.deporteseli.com\/index.php?rest_route=%2Fwp%2Fv2%2Fmedia&parent=45521"}],"wp:term":[{"taxonomy":"product_brand","embeddable":true,"href":"https:\/\/www.deporteseli.com\/index.php?rest_route=%2Fwp%2Fv2%2Fproduct_brand&post=45521"},{"taxonomy":"product_cat","embeddable":true,"href":"https:\/\/www.deporteseli.com\/index.php?rest_route=%2Fwp%2Fv2%2Fproduct_cat&post=45521"},{"taxonomy":"product_tag","embeddable":true,"href":"https:\/\/www.deporteseli.com\/index.php?rest_route=%2Fwp%2Fv2%2Fproduct_tag&post=45521"}],"curies":[{"name":"wp","href":"https:\/\/api.w.org\/{rel}","templated":true}]}}