{"id":45492,"date":"2026-01-27T20:52:24","date_gmt":"2026-01-27T20:52:24","guid":{"rendered":"https:\/\/www.deporteseli.com\/?product=short-ellesse-cielo-navy"},"modified":"2026-03-07T06:22:23","modified_gmt":"2026-03-07T06:22:23","slug":"short-ellesse-cielo-navy","status":"publish","type":"product","link":"https:\/\/www.deporteseli.com\/?product=short-ellesse-cielo-navy","title":{"rendered":"SHORT ELLESSE CIELO NAVY"},"content":{"rendered":"<p>Ba\u00f1ador ellesse Cielo, ideal para un d\u00eda soleado en la playa o para relajarse en la piscina. Confeccionado en poli\u00e9ster de secado r\u00e1pido con forro interior de malla de poli\u00e9ster para mayor transpirabilidad. Su cintura el\u00e1stica con cord\u00f3n ajustable proporciona un ajuste personalizado, mientras que los dos bolsillos laterales ofrecen suficiente espacio para objetos peque\u00f1os. Nuestros cl\u00e1sicos logotipos dobles bordados completan el dise\u00f1o.     100% poli\u00e9ster  Logotipo de Semi Palla y Ellesse bordado en ambos muslos.  Cintura con cord\u00f3n ajustable de punto tubular  Paneles de colores en contraste  Dos bolsillos laterales y bolsillo trasero.  Calzoncillo interior de malla de poli\u00e9ster                                                                                                                                                                                                                                                                                                                                                                                                                                                                                                                                                                                                                                                                                                                                                                                                                                                                                                                                                                                                                                        <\/p>\n","protected":false},"excerpt":{"rendered":"<p>SHORT ELLESSE CIELO NAVY<\/p>\n","protected":false},"featured_media":58313,"template":"","meta":[],"product_brand":[],"product_cat":[246],"product_tag":[52],"class_list":{"0":"post-45492","1":"product","2":"type-product","3":"status-publish","4":"has-post-thumbnail","6":"product_cat-hombre_textil_banadores","7":"product_tag-ellesse","8":"pa_color-unico","9":"pa_talla-l","10":"pa_talla-m","11":"pa_talla-s","12":"thunk-woo-product-list","13":"opn-qv-enable","14":"open-woo-hover-","15":"open-single-product-tab-horizontal","16":"open-shadow-","17":"open-shadow-hover-","19":"first","20":"instock","21":"shipping-taxable","22":"purchasable","23":"product-type-variable"},"jetpack_sharing_enabled":true,"_links":{"self":[{"href":"https:\/\/www.deporteseli.com\/index.php?rest_route=\/wp\/v2\/product\/45492","targetHints":{"allow":["GET"]}}],"collection":[{"href":"https:\/\/www.deporteseli.com\/index.php?rest_route=\/wp\/v2\/product"}],"about":[{"href":"https:\/\/www.deporteseli.com\/index.php?rest_route=\/wp\/v2\/types\/product"}],"wp:featuredmedia":[{"embeddable":true,"href":"https:\/\/www.deporteseli.com\/index.php?rest_route=\/wp\/v2\/media\/58313"}],"wp:attachment":[{"href":"https:\/\/www.deporteseli.com\/index.php?rest_route=%2Fwp%2Fv2%2Fmedia&parent=45492"}],"wp:term":[{"taxonomy":"product_brand","embeddable":true,"href":"https:\/\/www.deporteseli.com\/index.php?rest_route=%2Fwp%2Fv2%2Fproduct_brand&post=45492"},{"taxonomy":"product_cat","embeddable":true,"href":"https:\/\/www.deporteseli.com\/index.php?rest_route=%2Fwp%2Fv2%2Fproduct_cat&post=45492"},{"taxonomy":"product_tag","embeddable":true,"href":"https:\/\/www.deporteseli.com\/index.php?rest_route=%2Fwp%2Fv2%2Fproduct_tag&post=45492"}],"curies":[{"name":"wp","href":"https:\/\/api.w.org\/{rel}","templated":true}]}}