{"id":45487,"date":"2026-01-27T20:52:13","date_gmt":"2026-01-27T20:52:13","guid":{"rendered":"https:\/\/www.deporteseli.com\/?product=gel-venture-10-2"},"modified":"2026-02-16T07:56:20","modified_gmt":"2026-02-16T07:56:20","slug":"gel-venture-10-2","status":"publish","type":"product","link":"https:\/\/www.deporteseli.com\/?product=gel-venture-10-2","title":{"rendered":"GEL-VENTURE 10"},"content":{"rendered":"<p>Descripci\u00f3n  La zapatilla GEL-VENTURE 10 est\u00e1 dise\u00f1ada para ayudar a proporcionar un mejor buen confort. Su dise\u00f1o funcional y estrat\u00e9gico permite cambiar del entorno natural a las calles de la ciudad.?    La mediasuela cuenta con amortiguaci\u00f3n AMPLIFOAM y tecnolog\u00eda GEL en la parte posterior del pie que proporciona una sensaci\u00f3n m\u00e1s suave y c\u00f3moda bajo los pies.?    Adem\u00e1s, la suela incluye un dibujo en relieve de tracci\u00f3n avanzada muy pr\u00e1ctico para las superficies de carretera y caminos                                                                                                                                                                                                                                                                                                                                                                                                                                                                                                                                                                                                                                                                                                                                                                                                                                                                                                                                                                                                                                        <\/p>\n","protected":false},"excerpt":{"rendered":"<p>GEL-VENTURE 10<\/p>\n","protected":false},"featured_media":58304,"template":"","meta":[],"product_brand":[],"product_cat":[286],"product_tag":[19],"class_list":{"0":"post-45487","1":"product","2":"type-product","3":"status-publish","4":"has-post-thumbnail","6":"product_cat-mujer_calzado_trail","7":"product_tag-asics","8":"pa_color-unico","9":"pa_talla-41-5","10":"pa_talla-157","11":"thunk-woo-product-list","12":"opn-qv-enable","13":"open-woo-hover-","14":"open-single-product-tab-horizontal","15":"open-shadow-","16":"open-shadow-hover-","18":"first","19":"instock","20":"sale","21":"shipping-taxable","22":"purchasable","23":"product-type-variable"},"jetpack_sharing_enabled":true,"_links":{"self":[{"href":"https:\/\/www.deporteseli.com\/index.php?rest_route=\/wp\/v2\/product\/45487","targetHints":{"allow":["GET"]}}],"collection":[{"href":"https:\/\/www.deporteseli.com\/index.php?rest_route=\/wp\/v2\/product"}],"about":[{"href":"https:\/\/www.deporteseli.com\/index.php?rest_route=\/wp\/v2\/types\/product"}],"wp:featuredmedia":[{"embeddable":true,"href":"https:\/\/www.deporteseli.com\/index.php?rest_route=\/wp\/v2\/media\/58304"}],"wp:attachment":[{"href":"https:\/\/www.deporteseli.com\/index.php?rest_route=%2Fwp%2Fv2%2Fmedia&parent=45487"}],"wp:term":[{"taxonomy":"product_brand","embeddable":true,"href":"https:\/\/www.deporteseli.com\/index.php?rest_route=%2Fwp%2Fv2%2Fproduct_brand&post=45487"},{"taxonomy":"product_cat","embeddable":true,"href":"https:\/\/www.deporteseli.com\/index.php?rest_route=%2Fwp%2Fv2%2Fproduct_cat&post=45487"},{"taxonomy":"product_tag","embeddable":true,"href":"https:\/\/www.deporteseli.com\/index.php?rest_route=%2Fwp%2Fv2%2Fproduct_tag&post=45487"}],"curies":[{"name":"wp","href":"https:\/\/api.w.org\/{rel}","templated":true}]}}