{"id":45479,"date":"2026-01-27T20:51:59","date_gmt":"2026-01-27T20:51:59","guid":{"rendered":"https:\/\/www.deporteseli.com\/?product=gel-resolution-x"},"modified":"2026-02-26T05:19:22","modified_gmt":"2026-02-26T05:19:22","slug":"gel-resolution-x","status":"publish","type":"product","link":"https:\/\/www.deporteseli.com\/?product=gel-resolution-x","title":{"rendered":"GEL-RESOLUTION X"},"content":{"rendered":"<p>Descripci\u00f3n  La zapatilla de tenis GEL-RESOLUTION\u2122 X ofrece una estabilidad m\u00e1xima y m\u00e1s comodidad que nunca. Sujeta bien el pie en su sitio para garantizar transiciones m\u00e1s suaves y reducir el tiempo necesario para cambiar r\u00e1pidamente de direcci\u00f3n. Esta zapatilla de tenis ofrece la mejor estabilidad y est\u00e1 dise\u00f1ada para ayudarte a cubrir la l\u00ednea de fondo con confianza.    La estructura DYNAWALL\u2122 de la zapatilla te ayuda a moverte de un lado a otro con suavidad y te permite recuperar antes la posici\u00f3n, incluso aunque tengas que devolver un golpe profundo. Por otro lado, el sistema de lazada personalizable DYNALACING\u2122 favorece los movimientos de lado a lado al sujetar el pie de forma segura. Adem\u00e1s, la tecnolog\u00eda FF BLAST\u2122 PLUS ECO se ha redise\u00f1ado para usarla en tenis y ofrecer una comodidad excepcional hasta el final del partido.    \u00bfC\u00f3mo consigue la zapatilla GEL-RESOLUTION\u2122 X ofrecer m\u00e1s estabilidad y comodidad?    La estructura DYNAWALL\u2122 te ayuda a moverte de un lado a otro con suavidad y te permite recuperar f\u00e1cilmente la posici\u00f3n.  La tecnolog\u00eda DYNALACING\u2122 sujeta el pie c\u00f3modamente para mejorar la estabilidad.  La amortiguaci\u00f3n suave FF BLAST\u2122 PLUS ECO se ha redise\u00f1ado para ofrecer una comodidad m\u00e1xima.  \u00bfPor qu\u00e9 otras cualidades destaca la zapatilla GEL-RESOLUTION\u2122 X?    El dise\u00f1o de esta zapatilla se centra en la estabilidad y la comodidad. Hemos dedicado horas a probarla y perfeccionarla en nuestro Institute of Sport Science (ISS) en Jap\u00f3n. La zapatilla de tenis GEL-RESOLUTION\u2122 X incluye m\u00e1s caracter\u00edsticas para ayudarte en tus partidos. Puedes consultarlas en la secci\u00f3n  Caracter\u00edsticas t\u00e9cnicas .                                                                                                                                                                                                                                                                                                                                                                                                                                                                                                                                                                                                                                                                                                                                                                                                                                                                                                                                                                                                                                        <\/p>\n","protected":false},"excerpt":{"rendered":"<p>GEL-RESOLUTION X<\/p>\n","protected":false},"featured_media":58299,"template":"","meta":[],"product_brand":[],"product_cat":[371],"product_tag":[19],"class_list":{"0":"post-45479","1":"product","2":"type-product","3":"status-publish","4":"has-post-thumbnail","6":"product_cat-padel_y_tenis_calzado","7":"product_tag-asics","8":"pa_color-unico","9":"pa_talla-41-5","10":"pa_talla-153","11":"pa_talla-42-5","12":"pa_talla-43-5","13":"pa_talla-157","14":"pa_talla-44-5","15":"pa_talla-161","16":"thunk-woo-product-list","17":"opn-qv-enable","18":"open-woo-hover-","19":"open-single-product-tab-horizontal","20":"open-shadow-","21":"open-shadow-hover-","23":"first","24":"instock","25":"sale","26":"shipping-taxable","27":"purchasable","28":"product-type-variable"},"jetpack_sharing_enabled":true,"_links":{"self":[{"href":"https:\/\/www.deporteseli.com\/index.php?rest_route=\/wp\/v2\/product\/45479","targetHints":{"allow":["GET"]}}],"collection":[{"href":"https:\/\/www.deporteseli.com\/index.php?rest_route=\/wp\/v2\/product"}],"about":[{"href":"https:\/\/www.deporteseli.com\/index.php?rest_route=\/wp\/v2\/types\/product"}],"wp:featuredmedia":[{"embeddable":true,"href":"https:\/\/www.deporteseli.com\/index.php?rest_route=\/wp\/v2\/media\/58299"}],"wp:attachment":[{"href":"https:\/\/www.deporteseli.com\/index.php?rest_route=%2Fwp%2Fv2%2Fmedia&parent=45479"}],"wp:term":[{"taxonomy":"product_brand","embeddable":true,"href":"https:\/\/www.deporteseli.com\/index.php?rest_route=%2Fwp%2Fv2%2Fproduct_brand&post=45479"},{"taxonomy":"product_cat","embeddable":true,"href":"https:\/\/www.deporteseli.com\/index.php?rest_route=%2Fwp%2Fv2%2Fproduct_cat&post=45479"},{"taxonomy":"product_tag","embeddable":true,"href":"https:\/\/www.deporteseli.com\/index.php?rest_route=%2Fwp%2Fv2%2Fproduct_tag&post=45479"}],"curies":[{"name":"wp","href":"https:\/\/api.w.org\/{rel}","templated":true}]}}