{"id":45475,"date":"2026-01-27T20:51:53","date_gmt":"2026-01-27T20:51:53","guid":{"rendered":"https:\/\/www.deporteseli.com\/?product=juego-de-agujas-de-bomba"},"modified":"2026-01-27T20:51:54","modified_gmt":"2026-01-27T20:51:54","slug":"juego-de-agujas-de-bomba","status":"publish","type":"product","link":"https:\/\/www.deporteseli.com\/?product=juego-de-agujas-de-bomba","title":{"rendered":"JUEGO DE AGUJAS DE BOMBA"},"content":{"rendered":"<p>JUEGO DE AGUJAS DE BOMBA  AGUJAS UNIVERSALES PARA BALONES DE F\u00daTBOL.    Agujas universales f\u00e1ciles de utilizar para inflar c\u00e1maras de balones de f\u00fatbol. La bomba no est\u00e1 incluida.  ACERCA DEL MODELO  Dos agujas en un juego  Acero  Pa\u00eds de fabricaci\u00f3n: Rep\u00fablica Popular China  Color del modelo: Gris claro  N\u00famero de modelo: CZ9555                                                                                                                                                                                                                                                                                                                                                                                                                                                                                                                                                                                                                                                                                                                                                                                                                                                                                                                                                                                                                                        <\/p>\n","protected":false},"excerpt":{"rendered":"<p>JUEGO DE AGUJAS DE BOMBA<\/p>\n","protected":false},"featured_media":58293,"template":"","meta":[],"product_brand":[],"product_cat":[347],"product_tag":[18],"class_list":{"0":"post-45475","1":"product","2":"type-product","3":"status-publish","4":"has-post-thumbnail","6":"product_cat-deportes_balones","7":"product_tag-adidas","8":"pa_color-unico","9":"pa_talla-unica","10":"thunk-woo-product-list","11":"opn-qv-enable","12":"open-woo-hover-","13":"open-single-product-tab-horizontal","14":"open-shadow-","15":"open-shadow-hover-","17":"first","18":"instock","19":"shipping-taxable","20":"purchasable","21":"product-type-variable"},"jetpack_sharing_enabled":true,"_links":{"self":[{"href":"https:\/\/www.deporteseli.com\/index.php?rest_route=\/wp\/v2\/product\/45475","targetHints":{"allow":["GET"]}}],"collection":[{"href":"https:\/\/www.deporteseli.com\/index.php?rest_route=\/wp\/v2\/product"}],"about":[{"href":"https:\/\/www.deporteseli.com\/index.php?rest_route=\/wp\/v2\/types\/product"}],"wp:featuredmedia":[{"embeddable":true,"href":"https:\/\/www.deporteseli.com\/index.php?rest_route=\/wp\/v2\/media\/58293"}],"wp:attachment":[{"href":"https:\/\/www.deporteseli.com\/index.php?rest_route=%2Fwp%2Fv2%2Fmedia&parent=45475"}],"wp:term":[{"taxonomy":"product_brand","embeddable":true,"href":"https:\/\/www.deporteseli.com\/index.php?rest_route=%2Fwp%2Fv2%2Fproduct_brand&post=45475"},{"taxonomy":"product_cat","embeddable":true,"href":"https:\/\/www.deporteseli.com\/index.php?rest_route=%2Fwp%2Fv2%2Fproduct_cat&post=45475"},{"taxonomy":"product_tag","embeddable":true,"href":"https:\/\/www.deporteseli.com\/index.php?rest_route=%2Fwp%2Fv2%2Fproduct_tag&post=45475"}],"curies":[{"name":"wp","href":"https:\/\/api.w.org\/{rel}","templated":true}]}}