{"id":45473,"date":"2026-01-27T20:51:50","date_gmt":"2026-01-27T20:51:50","guid":{"rendered":"https:\/\/www.deporteseli.com\/?product=camisa-adidas-je9002"},"modified":"2026-03-07T06:22:17","modified_gmt":"2026-03-07T06:22:17","slug":"camisa-adidas-je9002","status":"publish","type":"product","link":"https:\/\/www.deporteseli.com\/?product=camisa-adidas-je9002","title":{"rendered":"CAMISA ADIDAS JE9002"},"content":{"rendered":"<p>Dise\u00f1o moderno. Versatilidad para uso diario. Esta remera adidas redefine el estilo casual con su llamativo logo y dise\u00f1o de hombros ca\u00eddos. Confeccionada en tejido jersey de algod\u00f3n suave, luce un corte cl\u00e1sico y regular que es perfecto para usar todo el d\u00eda, sin importar si est\u00e1s descansando en casa o explorando las calles de la ciudad.  Ajuste cl\u00e1sico  Cuello redondo  100 % algod\u00f3n  Color del art\u00edculo: Medium Grey Heather \/ Black  N\u00famero de art\u00edculo: JE9002                                                                                                                                                                                                                                                                                                                                                                                                                                                                                                                                                                                                                                                                                                                                                                                                                                                                                                                                                                                                                                        <\/p>\n","protected":false},"excerpt":{"rendered":"<p>CAMISA ADIDAS JE9002<\/p>\n","protected":false},"featured_media":58290,"template":"","meta":[],"product_brand":[],"product_cat":[245],"product_tag":[18],"class_list":{"0":"post-45473","1":"product","2":"type-product","3":"status-publish","4":"has-post-thumbnail","6":"product_cat-hombre_textil_camisetas","7":"product_tag-adidas","8":"pa_color-unico","9":"pa_talla-m","10":"thunk-woo-product-list","11":"opn-qv-enable","12":"open-woo-hover-","13":"open-single-product-tab-horizontal","14":"open-shadow-","15":"open-shadow-hover-","17":"first","18":"instock","19":"shipping-taxable","20":"purchasable","21":"product-type-variable"},"jetpack_sharing_enabled":true,"_links":{"self":[{"href":"https:\/\/www.deporteseli.com\/index.php?rest_route=\/wp\/v2\/product\/45473","targetHints":{"allow":["GET"]}}],"collection":[{"href":"https:\/\/www.deporteseli.com\/index.php?rest_route=\/wp\/v2\/product"}],"about":[{"href":"https:\/\/www.deporteseli.com\/index.php?rest_route=\/wp\/v2\/types\/product"}],"wp:featuredmedia":[{"embeddable":true,"href":"https:\/\/www.deporteseli.com\/index.php?rest_route=\/wp\/v2\/media\/58290"}],"wp:attachment":[{"href":"https:\/\/www.deporteseli.com\/index.php?rest_route=%2Fwp%2Fv2%2Fmedia&parent=45473"}],"wp:term":[{"taxonomy":"product_brand","embeddable":true,"href":"https:\/\/www.deporteseli.com\/index.php?rest_route=%2Fwp%2Fv2%2Fproduct_brand&post=45473"},{"taxonomy":"product_cat","embeddable":true,"href":"https:\/\/www.deporteseli.com\/index.php?rest_route=%2Fwp%2Fv2%2Fproduct_cat&post=45473"},{"taxonomy":"product_tag","embeddable":true,"href":"https:\/\/www.deporteseli.com\/index.php?rest_route=%2Fwp%2Fv2%2Fproduct_tag&post=45473"}],"curies":[{"name":"wp","href":"https:\/\/api.w.org\/{rel}","templated":true}]}}