{"id":45471,"date":"2026-01-27T20:51:47","date_gmt":"2026-01-27T20:51:47","guid":{"rendered":"https:\/\/www.deporteseli.com\/?product=short-adidas-je6426"},"modified":"2026-03-07T06:22:15","modified_gmt":"2026-03-07T06:22:15","slug":"short-adidas-je6426","status":"publish","type":"product","link":"https:\/\/www.deporteseli.com\/?product=short-adidas-je6426","title":{"rendered":"SHORT ADIDAS JE6426"},"content":{"rendered":"<p>Pantal\u00f3n corto de la colecci\u00f3n adidas confeccionado en tejido fino y el\u00e1stico. Este producto contiene materiales de fibra reciclada.  &#8211; Este producto est\u00e1 fabricado en parte con poli\u00e9ster reciclado.  &#8211; Dise\u00f1o simple que no restringe el movimiento.  &#8211; Cintura el\u00e1stica y ajuste de ancho adicional con cordones para evitar resbalones durante el movimiento.  &#8211; Dos bolsillos laterales deslizantes.  &#8211; Logotipo de la marca bordado en la parte delantera.  &#8211; Ancho de cintura: 38,5 cm.  &#8211; Ancho de cadera: 57,5 ??cm.  &#8211; Altura cintura: 30 cm.  &#8211; Ancho de pierna en la parte inferior: 32 cm.  &#8211; Ancho de pierna: 31,5 cm.  &#8211; Largo exterior de pierna: 45 cm.  &#8211; Dimensiones dadas para la talla: M.  ID del producto : PPYA-SZM06U_80X  C\u00f3digo del fabricante : JE6426                                                                                                                                                                                                                                                                                                                                                                                                                                                                                                                                                                                                                                                                                                                                                                                                                                                                                                                                                                                                                                        <\/p>\n","protected":false},"excerpt":{"rendered":"<p>SHORT ADIDAS JE6426<\/p>\n","protected":false},"featured_media":58287,"template":"","meta":[],"product_brand":[],"product_cat":[250],"product_tag":[18],"class_list":{"0":"post-45471","1":"product","2":"type-product","3":"status-publish","4":"has-post-thumbnail","6":"product_cat-hombre_textil_bermudas","7":"product_tag-adidas","8":"pa_color-unico","9":"pa_talla-xl","10":"thunk-woo-product-list","11":"opn-qv-enable","12":"open-woo-hover-","13":"open-single-product-tab-horizontal","14":"open-shadow-","15":"open-shadow-hover-","17":"first","18":"instock","19":"shipping-taxable","20":"purchasable","21":"product-type-variable"},"jetpack_sharing_enabled":true,"_links":{"self":[{"href":"https:\/\/www.deporteseli.com\/index.php?rest_route=\/wp\/v2\/product\/45471","targetHints":{"allow":["GET"]}}],"collection":[{"href":"https:\/\/www.deporteseli.com\/index.php?rest_route=\/wp\/v2\/product"}],"about":[{"href":"https:\/\/www.deporteseli.com\/index.php?rest_route=\/wp\/v2\/types\/product"}],"wp:featuredmedia":[{"embeddable":true,"href":"https:\/\/www.deporteseli.com\/index.php?rest_route=\/wp\/v2\/media\/58287"}],"wp:attachment":[{"href":"https:\/\/www.deporteseli.com\/index.php?rest_route=%2Fwp%2Fv2%2Fmedia&parent=45471"}],"wp:term":[{"taxonomy":"product_brand","embeddable":true,"href":"https:\/\/www.deporteseli.com\/index.php?rest_route=%2Fwp%2Fv2%2Fproduct_brand&post=45471"},{"taxonomy":"product_cat","embeddable":true,"href":"https:\/\/www.deporteseli.com\/index.php?rest_route=%2Fwp%2Fv2%2Fproduct_cat&post=45471"},{"taxonomy":"product_tag","embeddable":true,"href":"https:\/\/www.deporteseli.com\/index.php?rest_route=%2Fwp%2Fv2%2Fproduct_tag&post=45471"}],"curies":[{"name":"wp","href":"https:\/\/api.w.org\/{rel}","templated":true}]}}