{"id":45464,"date":"2026-01-27T20:51:37","date_gmt":"2026-01-27T20:51:37","guid":{"rendered":"https:\/\/www.deporteseli.com\/?product=falda-club-graph"},"modified":"2026-03-07T06:22:09","modified_gmt":"2026-03-07T06:22:09","slug":"falda-club-graph","status":"publish","type":"product","link":"https:\/\/www.deporteseli.com\/?product=falda-club-graph","title":{"rendered":"FALDA CLUB GRAPH"},"content":{"rendered":"<p>Protagoniza la cancha con esta llamativa falda de tenis. Forma parte de la colecci\u00f3n adidas Club y est\u00e1 confeccionada con un tejido suave con la elasticidad que necesitas para moverte c\u00f3modamente. CLIMACOOL absorbe y dispersa el sudor para un rendimiento fresco, seco y sin distracciones. Un par de leggings incorporados ofrece cobertura para cada curva y estiramiento. CLIMACOOL te ayuda a gestionar el sudor con materiales que absorben y gestionan el sudor r\u00e1pidamente. Sus fibras de secado r\u00e1pido te dan una sensaci\u00f3n de piel fresca. Este producto est\u00e1 fabricado con materiales 100% reciclados. Al reutilizar materiales que ya se han creado, ayudamos a reducir los residuos y nuestra dependencia de recursos finitos y reducimos la huella de los productos que fabricamos.                                                                                                                                                                                                                                                                                                                                                                                                                                                                                                                                                                                                                                                                                                                                                                                                                                                                                                                                                                                                                                        <\/p>\n","protected":false},"excerpt":{"rendered":"<p>FALDA CLUB GRAPH<\/p>\n","protected":false},"featured_media":58280,"template":"","meta":[],"product_brand":[],"product_cat":[366],"product_tag":[18],"class_list":{"0":"post-45464","1":"product","2":"type-product","3":"status-publish","4":"has-post-thumbnail","6":"product_cat-padel_y_tenis_textil_faldas","7":"product_tag-adidas","8":"pa_color-unico","9":"pa_talla-l","10":"pa_talla-s","11":"thunk-woo-product-list","12":"opn-qv-enable","13":"open-woo-hover-","14":"open-single-product-tab-horizontal","15":"open-shadow-","16":"open-shadow-hover-","18":"first","19":"instock","20":"shipping-taxable","21":"purchasable","22":"product-type-variable"},"jetpack_sharing_enabled":true,"_links":{"self":[{"href":"https:\/\/www.deporteseli.com\/index.php?rest_route=\/wp\/v2\/product\/45464","targetHints":{"allow":["GET"]}}],"collection":[{"href":"https:\/\/www.deporteseli.com\/index.php?rest_route=\/wp\/v2\/product"}],"about":[{"href":"https:\/\/www.deporteseli.com\/index.php?rest_route=\/wp\/v2\/types\/product"}],"wp:featuredmedia":[{"embeddable":true,"href":"https:\/\/www.deporteseli.com\/index.php?rest_route=\/wp\/v2\/media\/58280"}],"wp:attachment":[{"href":"https:\/\/www.deporteseli.com\/index.php?rest_route=%2Fwp%2Fv2%2Fmedia&parent=45464"}],"wp:term":[{"taxonomy":"product_brand","embeddable":true,"href":"https:\/\/www.deporteseli.com\/index.php?rest_route=%2Fwp%2Fv2%2Fproduct_brand&post=45464"},{"taxonomy":"product_cat","embeddable":true,"href":"https:\/\/www.deporteseli.com\/index.php?rest_route=%2Fwp%2Fv2%2Fproduct_cat&post=45464"},{"taxonomy":"product_tag","embeddable":true,"href":"https:\/\/www.deporteseli.com\/index.php?rest_route=%2Fwp%2Fv2%2Fproduct_tag&post=45464"}],"curies":[{"name":"wp","href":"https:\/\/api.w.org\/{rel}","templated":true}]}}