{"id":45460,"date":"2026-01-27T20:51:30","date_gmt":"2026-01-27T20:51:30","guid":{"rendered":"https:\/\/www.deporteseli.com\/?product=pantalon-corto-club-2"},"modified":"2026-03-07T06:22:03","modified_gmt":"2026-03-07T06:22:03","slug":"pantalon-corto-club-2","status":"publish","type":"product","link":"https:\/\/www.deporteseli.com\/?product=pantalon-corto-club-2","title":{"rendered":"PANTALON CORTO CLUB"},"content":{"rendered":"<p>Lleva el estilo de adidas a la cancha con estos shorts de tenis de la colecci\u00f3n Club. Dise\u00f1ados con tela adicional en la entrepierna, proporcionan libertad de movimiento para cada sprint hacia la red y deslizamientos en la l\u00ednea de base. CLIMACOOL elimina y dispersa el sudor para un rendimiento fresco, seco y sin distracciones. Los bolsillos delanteros mantienen las pelotas de tenis de repuesto firmemente en su lugar. CLIMACOOL te ayuda a gestionar el sudor con materiales que lo absorben y gestionan r\u00e1pidamente. Sus fibras de secado r\u00e1pido te brindan una sensaci\u00f3n de piel fresca. Este producto est\u00e1 fabricado con un 100% de materiales reciclados. Al reutilizar materiales que ya se han creado, ayudamos a reducir los desechos, nuestra dependencia de recursos finitos y la huella de los productos que fabricamos.                                                                                                                                                                                                                                                                                                                                                                                                                                                                                                                                                                                                                                                                                                                                                                                                                                                                                                                                                                                                                                        <\/p>\n","protected":false},"excerpt":{"rendered":"<p>PANTALON CORTO CLUB<\/p>\n","protected":false},"featured_media":58273,"template":"","meta":[],"product_brand":[],"product_cat":[365],"product_tag":[18],"class_list":{"0":"post-45460","1":"product","2":"type-product","3":"status-publish","4":"has-post-thumbnail","6":"product_cat-padel_y_tenis_textil_shorts","7":"product_tag-adidas","8":"pa_color-unico","9":"pa_talla-l","10":"pa_talla-m","11":"pa_talla-s","12":"pa_talla-xl","13":"pa_talla-xxl","14":"thunk-woo-product-list","15":"opn-qv-enable","16":"open-woo-hover-","17":"open-single-product-tab-horizontal","18":"open-shadow-","19":"open-shadow-hover-","21":"first","22":"instock","23":"shipping-taxable","24":"purchasable","25":"product-type-variable"},"jetpack_sharing_enabled":true,"_links":{"self":[{"href":"https:\/\/www.deporteseli.com\/index.php?rest_route=\/wp\/v2\/product\/45460","targetHints":{"allow":["GET"]}}],"collection":[{"href":"https:\/\/www.deporteseli.com\/index.php?rest_route=\/wp\/v2\/product"}],"about":[{"href":"https:\/\/www.deporteseli.com\/index.php?rest_route=\/wp\/v2\/types\/product"}],"wp:featuredmedia":[{"embeddable":true,"href":"https:\/\/www.deporteseli.com\/index.php?rest_route=\/wp\/v2\/media\/58273"}],"wp:attachment":[{"href":"https:\/\/www.deporteseli.com\/index.php?rest_route=%2Fwp%2Fv2%2Fmedia&parent=45460"}],"wp:term":[{"taxonomy":"product_brand","embeddable":true,"href":"https:\/\/www.deporteseli.com\/index.php?rest_route=%2Fwp%2Fv2%2Fproduct_brand&post=45460"},{"taxonomy":"product_cat","embeddable":true,"href":"https:\/\/www.deporteseli.com\/index.php?rest_route=%2Fwp%2Fv2%2Fproduct_cat&post=45460"},{"taxonomy":"product_tag","embeddable":true,"href":"https:\/\/www.deporteseli.com\/index.php?rest_route=%2Fwp%2Fv2%2Fproduct_tag&post=45460"}],"curies":[{"name":"wp","href":"https:\/\/api.w.org\/{rel}","templated":true}]}}