{"id":45443,"date":"2026-01-27T20:51:08","date_gmt":"2026-01-27T20:51:08","guid":{"rendered":"https:\/\/www.deporteseli.com\/?product=zapatillas-barricade-m-clay-3"},"modified":"2026-04-18T04:18:44","modified_gmt":"2026-04-18T04:18:44","slug":"zapatillas-barricade-m-clay-3","status":"publish","type":"product","link":"https:\/\/www.deporteseli.com\/?product=zapatillas-barricade-m-clay-3","title":{"rendered":"ZAPATILLAS BARRICADE M CLAY"},"content":{"rendered":"<p>Enfr\u00e9ntate a la competencia con estas zapatillas de tenis adidas Barricade 13 Clay para hombre. Con un perfil bajo y una amortiguaci\u00f3n extrema, est\u00e1n dise\u00f1ados para satisfacer las demandas de un juego de tenis de nivel de rendimiento. Tambi\u00e9n ofrecenuna excelente estabilidad y agarre en canchas de tierra batida, para que puedas darlo todo en cada golpe. Haz una declaraci\u00f3n en la cancha y deja que tu juego haga el resto.                                                                                                                                                                                                                                                                                                                                                                                                                                                                                                                                                                                                                                                                                                                                                                                                                                                                                                                                                                                                                                        <\/p>\n","protected":false},"excerpt":{"rendered":"<p>ZAPATILLAS BARRICADE M CLAY<\/p>\n","protected":false},"featured_media":58257,"template":"","meta":[],"product_brand":[],"product_cat":[371],"product_tag":[18],"class_list":{"0":"post-45443","1":"product","2":"type-product","3":"status-publish","4":"has-post-thumbnail","6":"product_cat-padel_y_tenis_calzado","7":"product_tag-adidas","8":"pa_color-unico","9":"pa_talla-153","10":"pa_talla-42-5","11":"pa_talla-43-5","12":"pa_talla-157","13":"pa_talla-44-5","14":"thunk-woo-product-list","15":"opn-qv-enable","16":"open-woo-hover-","17":"open-single-product-tab-horizontal","18":"open-shadow-","19":"open-shadow-hover-","21":"first","22":"instock","23":"sale","24":"shipping-taxable","25":"purchasable","26":"product-type-variable"},"jetpack_sharing_enabled":true,"_links":{"self":[{"href":"https:\/\/www.deporteseli.com\/index.php?rest_route=\/wp\/v2\/product\/45443","targetHints":{"allow":["GET"]}}],"collection":[{"href":"https:\/\/www.deporteseli.com\/index.php?rest_route=\/wp\/v2\/product"}],"about":[{"href":"https:\/\/www.deporteseli.com\/index.php?rest_route=\/wp\/v2\/types\/product"}],"wp:featuredmedia":[{"embeddable":true,"href":"https:\/\/www.deporteseli.com\/index.php?rest_route=\/wp\/v2\/media\/58257"}],"wp:attachment":[{"href":"https:\/\/www.deporteseli.com\/index.php?rest_route=%2Fwp%2Fv2%2Fmedia&parent=45443"}],"wp:term":[{"taxonomy":"product_brand","embeddable":true,"href":"https:\/\/www.deporteseli.com\/index.php?rest_route=%2Fwp%2Fv2%2Fproduct_brand&post=45443"},{"taxonomy":"product_cat","embeddable":true,"href":"https:\/\/www.deporteseli.com\/index.php?rest_route=%2Fwp%2Fv2%2Fproduct_cat&post=45443"},{"taxonomy":"product_tag","embeddable":true,"href":"https:\/\/www.deporteseli.com\/index.php?rest_route=%2Fwp%2Fv2%2Fproduct_tag&post=45443"}],"curies":[{"name":"wp","href":"https:\/\/api.w.org\/{rel}","templated":true}]}}