{"id":45433,"date":"2026-01-27T20:50:54","date_gmt":"2026-01-27T20:50:54","guid":{"rendered":"https:\/\/www.deporteseli.com\/?product=chandal-essentials-climacool-bebe"},"modified":"2026-03-07T06:22:00","modified_gmt":"2026-03-07T06:22:00","slug":"chandal-essentials-climacool-bebe","status":"publish","type":"product","link":"https:\/\/www.deporteseli.com\/?product=chandal-essentials-climacool-bebe","title":{"rendered":"CH\u00e1NDAL ESSENTIALS CLIMACOOL (BEB\u00e9)"},"content":{"rendered":"<p>IDEAL PARA PEQUE\u00d1OS DEPORTISTAS  Prepara a tu peque para vivir intr\u00e9pidas aventuras diarias con este ch\u00e1ndal adidas. Su tejido c\u00f3modo y suave se adapta a todos sus movimientos, ya sea mientras explora el mundo o disfruta de una tarde de juegos en casa. La tecnolog\u00eda CLIMACOOL aleja el sudor de la piel, manteni\u00e9ndola fresca y seca para minimizar las distracciones y optimizar tu rendimiento. Las cl\u00e1sicas 3 bandas en las mangas y las perneras le imprimen el inconfundible sello deportivo de adidas.    CLIMACOOL le ayuda a gestionar el sudor con materiales que expulsan la humedad r\u00e1pidamente. Sus fibras de secado r\u00e1pido le proporcionan una agradable sensaci\u00f3n de frescura.  Corte cl\u00e1sico con talle medio  Cierre de cremallera y cuello alzado  100% poli\u00e9ster (reciclado)  CLIMACOOL  Chaqueta con pu\u00f1os y dobladillo de canal\u00e9  Cintura el\u00e1stica con cord\u00f3n  Pantal\u00f3n con pu\u00f1os el\u00e1sticos  Color del art\u00edculo: Glow Blue \/ White  N\u00famero de art\u00edculo: JJ3538                                                                                                                                                                                                                                                                                                                                                                                                                                                                                                                                                                                                                                                                                                                                                                                                                                                                                                                                                                                                                                        <\/p>\n","protected":false},"excerpt":{"rendered":"<p>CH\u00e1NDAL ESSENTIALS CLIMACOOL (BEB\u00e9)<\/p>\n","protected":false},"featured_media":58242,"template":"","meta":[],"product_brand":[],"product_cat":[298],"product_tag":[18],"class_list":{"0":"post-45433","1":"product","2":"type-product","3":"status-publish","4":"has-post-thumbnail","6":"product_cat-nino_textil_chandals","7":"product_tag-adidas","8":"pa_color-unico","9":"pa_talla-18-meses","10":"thunk-woo-product-list","11":"opn-qv-enable","12":"open-woo-hover-","13":"open-single-product-tab-horizontal","14":"open-shadow-","15":"open-shadow-hover-","17":"first","18":"instock","19":"shipping-taxable","20":"purchasable","21":"product-type-variable"},"jetpack_sharing_enabled":true,"_links":{"self":[{"href":"https:\/\/www.deporteseli.com\/index.php?rest_route=\/wp\/v2\/product\/45433","targetHints":{"allow":["GET"]}}],"collection":[{"href":"https:\/\/www.deporteseli.com\/index.php?rest_route=\/wp\/v2\/product"}],"about":[{"href":"https:\/\/www.deporteseli.com\/index.php?rest_route=\/wp\/v2\/types\/product"}],"wp:featuredmedia":[{"embeddable":true,"href":"https:\/\/www.deporteseli.com\/index.php?rest_route=\/wp\/v2\/media\/58242"}],"wp:attachment":[{"href":"https:\/\/www.deporteseli.com\/index.php?rest_route=%2Fwp%2Fv2%2Fmedia&parent=45433"}],"wp:term":[{"taxonomy":"product_brand","embeddable":true,"href":"https:\/\/www.deporteseli.com\/index.php?rest_route=%2Fwp%2Fv2%2Fproduct_brand&post=45433"},{"taxonomy":"product_cat","embeddable":true,"href":"https:\/\/www.deporteseli.com\/index.php?rest_route=%2Fwp%2Fv2%2Fproduct_cat&post=45433"},{"taxonomy":"product_tag","embeddable":true,"href":"https:\/\/www.deporteseli.com\/index.php?rest_route=%2Fwp%2Fv2%2Fproduct_tag&post=45433"}],"curies":[{"name":"wp","href":"https:\/\/api.w.org\/{rel}","templated":true}]}}