{"id":45424,"date":"2026-01-27T20:50:41","date_gmt":"2026-01-27T20:50:41","guid":{"rendered":"https:\/\/www.deporteseli.com\/?product=gel-dedicate-8-padel-gs-2"},"modified":"2026-03-03T05:18:56","modified_gmt":"2026-03-03T05:18:56","slug":"gel-dedicate-8-padel-gs-2","status":"publish","type":"product","link":"https:\/\/www.deporteseli.com\/?product=gel-dedicate-8-padel-gs-2","title":{"rendered":"GEL-DEDICATE 8 PADEL GS"},"content":{"rendered":"<p>Descripci\u00f3n  La zapatilla de p\u00e1del GEL-DEDICATE 8 (escuela primaria) ofrece una buena estabilidad y una flexibilidad perfecta para los m\u00e1s j\u00f3venes.    La parte superior de esta zapatilla se ha dise\u00f1ado con revestimientos de cuero sint\u00e9tico para mejorar el soporte. Mantienen los pies fijos al cambiar de direcci\u00f3n y hacer tiros dif\u00edciles.    La unidad de soporte TRUSSTIC y la suela de envoltura mejoran la estabilidad y permite que los pies se muevan libremente. Mejora los cambios de direcci\u00f3n, sobre todo al moverse de lado a lado.                                                                                                                                                                                                                                                                                                                                                                                                                                                                                                                                                                                                                                                                                                                                                                                                                                                                                                                                                                                                                                        <\/p>\n","protected":false},"excerpt":{"rendered":"<p>GEL-DEDICATE 8 PADEL GS<\/p>\n","protected":false},"featured_media":58236,"template":"","meta":[],"product_brand":[],"product_cat":[371],"product_tag":[19],"class_list":{"0":"post-45424","1":"product","2":"type-product","3":"status-publish","4":"has-post-thumbnail","6":"product_cat-padel_y_tenis_calzado","7":"product_tag-asics","8":"pa_color-unico","9":"pa_talla-35-5","10":"pa_talla-143","11":"pa_talla-145","12":"pa_talla-147","13":"pa_talla-39-5","14":"pa_talla-149","15":"thunk-woo-product-list","16":"opn-qv-enable","17":"open-woo-hover-","18":"open-single-product-tab-horizontal","19":"open-shadow-","20":"open-shadow-hover-","22":"first","23":"instock","24":"sale","25":"shipping-taxable","26":"purchasable","27":"product-type-variable"},"jetpack_sharing_enabled":true,"_links":{"self":[{"href":"https:\/\/www.deporteseli.com\/index.php?rest_route=\/wp\/v2\/product\/45424","targetHints":{"allow":["GET"]}}],"collection":[{"href":"https:\/\/www.deporteseli.com\/index.php?rest_route=\/wp\/v2\/product"}],"about":[{"href":"https:\/\/www.deporteseli.com\/index.php?rest_route=\/wp\/v2\/types\/product"}],"wp:featuredmedia":[{"embeddable":true,"href":"https:\/\/www.deporteseli.com\/index.php?rest_route=\/wp\/v2\/media\/58236"}],"wp:attachment":[{"href":"https:\/\/www.deporteseli.com\/index.php?rest_route=%2Fwp%2Fv2%2Fmedia&parent=45424"}],"wp:term":[{"taxonomy":"product_brand","embeddable":true,"href":"https:\/\/www.deporteseli.com\/index.php?rest_route=%2Fwp%2Fv2%2Fproduct_brand&post=45424"},{"taxonomy":"product_cat","embeddable":true,"href":"https:\/\/www.deporteseli.com\/index.php?rest_route=%2Fwp%2Fv2%2Fproduct_cat&post=45424"},{"taxonomy":"product_tag","embeddable":true,"href":"https:\/\/www.deporteseli.com\/index.php?rest_route=%2Fwp%2Fv2%2Fproduct_tag&post=45424"}],"curies":[{"name":"wp","href":"https:\/\/api.w.org\/{rel}","templated":true}]}}