{"id":45420,"date":"2026-01-27T20:50:35","date_gmt":"2026-01-27T20:50:35","guid":{"rendered":"https:\/\/www.deporteseli.com\/?product=gel-game-ff-padel"},"modified":"2026-03-10T05:22:41","modified_gmt":"2026-03-10T05:22:41","slug":"gel-game-ff-padel","status":"publish","type":"product","link":"https:\/\/www.deporteseli.com\/?product=gel-game-ff-padel","title":{"rendered":"GEL-GAME FF PADEL"},"content":{"rendered":"<p>Descripci\u00f3n  Ligeras y flexibles, las zapatillas GEL-GAME FF PADEL son un modelo vers\u00e1til para jugadores de todo tipo de pistas. Esta temporada nos hemos centrado en mejorar la ventilaci\u00f3n y la flexibilidad de esta zapatilla, manteniendo sus excelentes propiedades de sujeci\u00f3n.    Con un dise\u00f1o de malla abierta en la parte superior para mejorar el flujo de aire y mantener los pies frescos, esta zapatilla se complementa con revestimientos de cuero sint\u00e9tico y una capa de PU (poliuretano) que aportan una mayor estabilidad al realizar transiciones bruscas.    Con un dise\u00f1o de malla abierta en la parte superior para mejorar el flujo de aire y mantener los pies frescos, esta zapatilla se complementa con revestimientos de cuero sint\u00e9tico y una capa de PU (poliuretano) que aportan una mayor estabilidad al realizar transiciones bruscas. A su vez, la tecnolog\u00eda FLYTEFOAM de la mediasuela ayuda a proporcionar una amortiguaci\u00f3n ligera.                                                                                                                                                                                                                                                                                                                                                                                                                                                                                                                                                                                                                                                                                                                                                                                                                                                                                                                                                                                                                                        <\/p>\n","protected":false},"excerpt":{"rendered":"<p>GEL-GAME FF PADEL<\/p>\n","protected":false},"featured_media":58231,"template":"","meta":[],"product_brand":[],"product_cat":[371],"product_tag":[19],"class_list":{"0":"post-45420","1":"product","2":"type-product","3":"status-publish","4":"has-post-thumbnail","6":"product_cat-padel_y_tenis_calzado","7":"product_tag-asics","8":"pa_color-unico","9":"pa_talla-143","10":"pa_talla-145","11":"pa_talla-147","12":"thunk-woo-product-list","13":"opn-qv-enable","14":"open-woo-hover-","15":"open-single-product-tab-horizontal","16":"open-shadow-","17":"open-shadow-hover-","19":"first","20":"instock","21":"sale","22":"shipping-taxable","23":"purchasable","24":"product-type-variable"},"jetpack_sharing_enabled":true,"_links":{"self":[{"href":"https:\/\/www.deporteseli.com\/index.php?rest_route=\/wp\/v2\/product\/45420","targetHints":{"allow":["GET"]}}],"collection":[{"href":"https:\/\/www.deporteseli.com\/index.php?rest_route=\/wp\/v2\/product"}],"about":[{"href":"https:\/\/www.deporteseli.com\/index.php?rest_route=\/wp\/v2\/types\/product"}],"wp:featuredmedia":[{"embeddable":true,"href":"https:\/\/www.deporteseli.com\/index.php?rest_route=\/wp\/v2\/media\/58231"}],"wp:attachment":[{"href":"https:\/\/www.deporteseli.com\/index.php?rest_route=%2Fwp%2Fv2%2Fmedia&parent=45420"}],"wp:term":[{"taxonomy":"product_brand","embeddable":true,"href":"https:\/\/www.deporteseli.com\/index.php?rest_route=%2Fwp%2Fv2%2Fproduct_brand&post=45420"},{"taxonomy":"product_cat","embeddable":true,"href":"https:\/\/www.deporteseli.com\/index.php?rest_route=%2Fwp%2Fv2%2Fproduct_cat&post=45420"},{"taxonomy":"product_tag","embeddable":true,"href":"https:\/\/www.deporteseli.com\/index.php?rest_route=%2Fwp%2Fv2%2Fproduct_tag&post=45420"}],"curies":[{"name":"wp","href":"https:\/\/api.w.org\/{rel}","templated":true}]}}