{"id":45383,"date":"2026-01-27T20:49:39","date_gmt":"2026-01-27T20:49:39","guid":{"rendered":"https:\/\/www.deporteseli.com\/?product=cholas-joma-zeus-2501"},"modified":"2026-01-27T20:49:44","modified_gmt":"2026-01-27T20:49:44","slug":"cholas-joma-zeus-2501","status":"publish","type":"product","link":"https:\/\/www.deporteseli.com\/?product=cholas-joma-zeus-2501","title":{"rendered":"CHOLAS JOMA ZEUS 2501"},"content":{"rendered":"<p>  Caracter\u00edsticas  Californiana Joma Zeus de sport c\u00f3moda, sencilla y bonita, aseguran una buena sujeci\u00f3n del pie con sus tres velcros y favorecen la evacuaci\u00f3n del agua. Cuenta con un velcro regulable en el empeine, otro de las misma caracteristicas a la altura del tobillo y por \u00faltimo, otro en la parte trasera, dando a la sandalia un correcta fijaci\u00f3n al pie para garantizar una gran seguridad al caminar. La Plantilla anat\u00f3mica, la hace a\u00fan si cabe, m\u00e1s c\u00f3moda y forro textil, para garantizar que el pi\u00e9 este seco y no se resbale. Ideales estas Sandalias Joma para la playa y la piscina, y por que no, utilizarlas de una manera casual o en casa. Ultra Ligeras, fabricada en material textil-sint\u00e9tico y piso de goma.  Sin duda, una gran apuesta relaci\u00f3n-precio y calidad!. Forro interior en el empeine textil.                                                                                                                                                                                                                                                                                                                                                                                                                                                                                                                                                                                                                                                                                                                                                                                                                                                                                                                                                                                                                                        <\/p>\n","protected":false},"excerpt":{"rendered":"<p>CHOLAS JOMA ZEUS 2501<\/p>\n","protected":false},"featured_media":58213,"template":"","meta":[],"product_brand":[],"product_cat":[265],"product_tag":[31],"class_list":{"0":"post-45383","1":"product","2":"type-product","3":"status-publish","4":"has-post-thumbnail","6":"product_cat-hombre_calzado_cholas","7":"product_tag-joma","8":"pa_color-unico","9":"pa_talla-151","10":"pa_talla-155","11":"pa_talla-157","12":"pa_talla-159","13":"thunk-woo-product-list","14":"opn-qv-enable","15":"open-woo-hover-","16":"open-single-product-tab-horizontal","17":"open-shadow-","18":"open-shadow-hover-","20":"first","21":"instock","22":"shipping-taxable","23":"purchasable","24":"product-type-variable"},"jetpack_sharing_enabled":true,"_links":{"self":[{"href":"https:\/\/www.deporteseli.com\/index.php?rest_route=\/wp\/v2\/product\/45383","targetHints":{"allow":["GET"]}}],"collection":[{"href":"https:\/\/www.deporteseli.com\/index.php?rest_route=\/wp\/v2\/product"}],"about":[{"href":"https:\/\/www.deporteseli.com\/index.php?rest_route=\/wp\/v2\/types\/product"}],"wp:featuredmedia":[{"embeddable":true,"href":"https:\/\/www.deporteseli.com\/index.php?rest_route=\/wp\/v2\/media\/58213"}],"wp:attachment":[{"href":"https:\/\/www.deporteseli.com\/index.php?rest_route=%2Fwp%2Fv2%2Fmedia&parent=45383"}],"wp:term":[{"taxonomy":"product_brand","embeddable":true,"href":"https:\/\/www.deporteseli.com\/index.php?rest_route=%2Fwp%2Fv2%2Fproduct_brand&post=45383"},{"taxonomy":"product_cat","embeddable":true,"href":"https:\/\/www.deporteseli.com\/index.php?rest_route=%2Fwp%2Fv2%2Fproduct_cat&post=45383"},{"taxonomy":"product_tag","embeddable":true,"href":"https:\/\/www.deporteseli.com\/index.php?rest_route=%2Fwp%2Fv2%2Fproduct_tag&post=45383"}],"curies":[{"name":"wp","href":"https:\/\/api.w.org\/{rel}","templated":true}]}}