{"id":45381,"date":"2026-01-27T20:49:36","date_gmt":"2026-01-27T20:49:36","guid":{"rendered":"https:\/\/www.deporteseli.com\/?product=botas-joma-maxima-2501"},"modified":"2026-01-27T20:49:38","modified_gmt":"2026-01-27T20:49:38","slug":"botas-joma-maxima-2501","status":"publish","type":"product","link":"https:\/\/www.deporteseli.com\/?product=botas-joma-maxima-2501","title":{"rendered":"BOTAS JOMA MAXIMA 2501"},"content":{"rendered":"<p>Descripci\u00f3n  Las Zapatillas Joma Maxima 2501 en color negro son ideales para hombres que inician su aventura en el f\u00fatbol sala. Este modelo polivalente ofrece la comodidad y el control necesarios para aprender y mejorar en el juego.  Su upper est\u00e1 fabricado principalmente en un material sint\u00e9tico que asegura resistencia y un buen contacto con el bal\u00f3n, perfecto para los que est\u00e1n dando sus primeros pasos. Con el sistema de ventilaci\u00f3n VTS, estas zapatillas cuentan adem\u00e1s con perforaciones estrat\u00e9gicas que favorecen la circulaci\u00f3n del aire, manteniendo los pies frescos durante el juego.  La puntera incluye una pieza de PROTECTION que brinda un extra de durabilidad, mientras que la suela de caucho DURABILITY garantiza alta resistencia a la abrasi\u00f3n y una excelente adherencia en canchas indoor. Su dise\u00f1o evita dejar marcas y, gracias a las l\u00edneas FLEXO y el sistema ROTATION, permite movimientos giratorios y multidireccionales \u00e1gilmente.  Las Zapatillas Joma Maxima 2501 son una opci\u00f3n ideal para quienes buscan comenzar en el f\u00fatbol sala con un calzado que combina confort, calidad y dise\u00f1o inteligente. Con estas zapatillas, cada entrenamiento se convierte en una experiencia placentera y efectiva.    Caracter\u00edsticas  Zapatillas de f\u00fatbol sala. Modelo polivalente desarrollado para la etapa de iniciaci\u00f3n. Comodidad y control necesarios para dar los primeros pasos en el juego.  Upper fabricado en su mayor\u00eda con sint\u00e9tico, un material asequible que aporta resistencia y buen contacto con el bal\u00f3n, perfecto para empezar en el futsal. Para mejorar la ventilaci\u00f3n del sudor, se han incluido peque\u00f1as perforaciones del sistema VTS.  Pieza PROTECTION en la puntera.  Suela de caucho DURABILITY de alta resistencia a la abrasi\u00f3n y calidad. Se adhiere a terrenos indoor sin dejar marcas en la cancha. Con l\u00edneas FLEXO y sistema ROTATION para los movimientos giratorios y multidireccionales                                                                                                                                                                                                                                                                                                                                                                                                                                                                                                                                                                                                                                                                                                                                                                                                                                                                                                                                                                                                                                        <\/p>\n","protected":false},"excerpt":{"rendered":"<p>BOTAS JOMA MAXIMA 2501<\/p>\n","protected":false},"featured_media":58209,"template":"","meta":[],"product_brand":[],"product_cat":[323],"product_tag":[31],"class_list":{"0":"post-45381","1":"product","2":"type-product","3":"status-publish","4":"has-post-thumbnail","6":"product_cat-deportes_futbol_botas_sala","7":"product_tag-joma","8":"pa_color-unico","9":"pa_talla-153","10":"thunk-woo-product-list","11":"opn-qv-enable","12":"open-woo-hover-","13":"open-single-product-tab-horizontal","14":"open-shadow-","15":"open-shadow-hover-","17":"first","18":"instock","19":"sale","20":"shipping-taxable","21":"purchasable","22":"product-type-variable"},"jetpack_sharing_enabled":true,"_links":{"self":[{"href":"https:\/\/www.deporteseli.com\/index.php?rest_route=\/wp\/v2\/product\/45381","targetHints":{"allow":["GET"]}}],"collection":[{"href":"https:\/\/www.deporteseli.com\/index.php?rest_route=\/wp\/v2\/product"}],"about":[{"href":"https:\/\/www.deporteseli.com\/index.php?rest_route=\/wp\/v2\/types\/product"}],"wp:featuredmedia":[{"embeddable":true,"href":"https:\/\/www.deporteseli.com\/index.php?rest_route=\/wp\/v2\/media\/58209"}],"wp:attachment":[{"href":"https:\/\/www.deporteseli.com\/index.php?rest_route=%2Fwp%2Fv2%2Fmedia&parent=45381"}],"wp:term":[{"taxonomy":"product_brand","embeddable":true,"href":"https:\/\/www.deporteseli.com\/index.php?rest_route=%2Fwp%2Fv2%2Fproduct_brand&post=45381"},{"taxonomy":"product_cat","embeddable":true,"href":"https:\/\/www.deporteseli.com\/index.php?rest_route=%2Fwp%2Fv2%2Fproduct_cat&post=45381"},{"taxonomy":"product_tag","embeddable":true,"href":"https:\/\/www.deporteseli.com\/index.php?rest_route=%2Fwp%2Fv2%2Fproduct_tag&post=45381"}],"curies":[{"name":"wp","href":"https:\/\/api.w.org\/{rel}","templated":true}]}}