{"id":45376,"date":"2026-01-27T20:49:29","date_gmt":"2026-01-27T20:49:29","guid":{"rendered":"https:\/\/www.deporteseli.com\/?product=calcetines-adidas-ic1327"},"modified":"2026-03-07T06:21:47","modified_gmt":"2026-03-07T06:21:47","slug":"calcetines-adidas-ic1327","status":"publish","type":"product","link":"https:\/\/www.deporteseli.com\/?product=calcetines-adidas-ic1327","title":{"rendered":"CALCETINES ADIDAS IC1327"},"content":{"rendered":"<p>LA COMODIDAD EMPIEZA POR LOS PIES  Estos calcetines invisibles de adidas lucen un dise\u00f1o que no asoma por encima de la zapatilla. El refuerzo en el arco plantar y el tejido ligero te ofrecen un ajuste c\u00f3modo tanto para relajarte en el sof\u00e1 como para salir a correr. Cada paquete incluye tres pares para poder usar un par mientras los otros dos se lavan.    Este producto contiene al menos un 50% de materiales reciclados y renovables.  No asoman por encima de la zapatilla  57% algod\u00f3n \/ 37% poli\u00e9ster reciclado \/ 3% elastodieno \/ 2% elast\u00e1n \/ 1% nailon reciclado  Tres pares por paquete  Refuerzo en el arco plantar  Puntera sin costuras  Color del art\u00edculo: Black \/ White  N\u00famero de art\u00edculo: IC1327                                                                                                                                                                                                                                                                                                                                                                                                                                                                                                                                                                                                                                                                                                                                                                                                                                                                                                                                                                                                                                        <\/p>\n","protected":false},"excerpt":{"rendered":"<p>CALCETINES ADIDAS IC1327<\/p>\n","protected":false},"featured_media":58206,"template":"","meta":[],"product_brand":[],"product_cat":[400],"product_tag":[18],"class_list":{"0":"post-45376","1":"product","2":"type-product","3":"status-publish","4":"has-post-thumbnail","6":"product_cat-accesorios_calcetines","7":"product_tag-adidas","8":"pa_color-unico","9":"pa_talla-35-38","10":"pa_talla-39-42","11":"thunk-woo-product-list","12":"opn-qv-enable","13":"open-woo-hover-","14":"open-single-product-tab-horizontal","15":"open-shadow-","16":"open-shadow-hover-","18":"first","19":"instock","20":"shipping-taxable","21":"purchasable","22":"product-type-variable"},"jetpack_sharing_enabled":true,"_links":{"self":[{"href":"https:\/\/www.deporteseli.com\/index.php?rest_route=\/wp\/v2\/product\/45376","targetHints":{"allow":["GET"]}}],"collection":[{"href":"https:\/\/www.deporteseli.com\/index.php?rest_route=\/wp\/v2\/product"}],"about":[{"href":"https:\/\/www.deporteseli.com\/index.php?rest_route=\/wp\/v2\/types\/product"}],"wp:featuredmedia":[{"embeddable":true,"href":"https:\/\/www.deporteseli.com\/index.php?rest_route=\/wp\/v2\/media\/58206"}],"wp:attachment":[{"href":"https:\/\/www.deporteseli.com\/index.php?rest_route=%2Fwp%2Fv2%2Fmedia&parent=45376"}],"wp:term":[{"taxonomy":"product_brand","embeddable":true,"href":"https:\/\/www.deporteseli.com\/index.php?rest_route=%2Fwp%2Fv2%2Fproduct_brand&post=45376"},{"taxonomy":"product_cat","embeddable":true,"href":"https:\/\/www.deporteseli.com\/index.php?rest_route=%2Fwp%2Fv2%2Fproduct_cat&post=45376"},{"taxonomy":"product_tag","embeddable":true,"href":"https:\/\/www.deporteseli.com\/index.php?rest_route=%2Fwp%2Fv2%2Fproduct_tag&post=45376"}],"curies":[{"name":"wp","href":"https:\/\/api.w.org\/{rel}","templated":true}]}}