{"id":45344,"date":"2026-01-27T20:48:45","date_gmt":"2026-01-27T20:48:45","guid":{"rendered":"https:\/\/www.deporteseli.com\/?product=calcetin-bullpadel-bp251-negro"},"modified":"2026-02-16T07:55:57","modified_gmt":"2026-02-16T07:55:57","slug":"calcetin-bullpadel-bp251-negro","status":"publish","type":"product","link":"https:\/\/www.deporteseli.com\/?product=calcetin-bullpadel-bp251-negro","title":{"rendered":"CALCETIN BULLPADEL BP251 NEGRO"},"content":{"rendered":"<p>Calcet\u00edn alto, ideal para la pr\u00e1ctica de p\u00e1del.    Fabricado con base de tejido coolmax, con propiedades para la eliminaci\u00f3n r\u00e1pida de la humedad hacia el exterior de la fibra, agilizando su desaparici\u00f3n y secado, manteniendo la piel seca y a la vez caliente. Fabricados en Coolmax y poliamida el\u00e1stica.                                                                                                                                                                                                                                                                                                                                                                                                                                                                                                                                                                                                                                                                                                                                                                                                                                                                                                                                                                                                                                        <\/p>\n","protected":false},"excerpt":{"rendered":"<p>CALCETIN BULLPADEL BP251 NEGRO<\/p>\n","protected":false},"featured_media":58199,"template":"","meta":[],"product_brand":[],"product_cat":[400],"product_tag":[21],"class_list":{"0":"post-45344","1":"product","2":"type-product","3":"status-publish","4":"has-post-thumbnail","6":"product_cat-accesorios_calcetines","7":"product_tag-bull_padel","8":"pa_color-unico","9":"pa_talla-l","10":"pa_talla-m","11":"pa_talla-s","12":"thunk-woo-product-list","13":"opn-qv-enable","14":"open-woo-hover-","15":"open-single-product-tab-horizontal","16":"open-shadow-","17":"open-shadow-hover-","19":"first","20":"instock","21":"shipping-taxable","22":"purchasable","23":"product-type-variable"},"jetpack_sharing_enabled":true,"_links":{"self":[{"href":"https:\/\/www.deporteseli.com\/index.php?rest_route=\/wp\/v2\/product\/45344","targetHints":{"allow":["GET"]}}],"collection":[{"href":"https:\/\/www.deporteseli.com\/index.php?rest_route=\/wp\/v2\/product"}],"about":[{"href":"https:\/\/www.deporteseli.com\/index.php?rest_route=\/wp\/v2\/types\/product"}],"wp:featuredmedia":[{"embeddable":true,"href":"https:\/\/www.deporteseli.com\/index.php?rest_route=\/wp\/v2\/media\/58199"}],"wp:attachment":[{"href":"https:\/\/www.deporteseli.com\/index.php?rest_route=%2Fwp%2Fv2%2Fmedia&parent=45344"}],"wp:term":[{"taxonomy":"product_brand","embeddable":true,"href":"https:\/\/www.deporteseli.com\/index.php?rest_route=%2Fwp%2Fv2%2Fproduct_brand&post=45344"},{"taxonomy":"product_cat","embeddable":true,"href":"https:\/\/www.deporteseli.com\/index.php?rest_route=%2Fwp%2Fv2%2Fproduct_cat&post=45344"},{"taxonomy":"product_tag","embeddable":true,"href":"https:\/\/www.deporteseli.com\/index.php?rest_route=%2Fwp%2Fv2%2Fproduct_tag&post=45344"}],"curies":[{"name":"wp","href":"https:\/\/api.w.org\/{rel}","templated":true}]}}