{"id":45267,"date":"2026-01-27T20:46:56","date_gmt":"2026-01-27T20:46:56","guid":{"rendered":"https:\/\/www.deporteseli.com\/?product=camisa-asics-2041a339-3"},"modified":"2026-03-07T06:20:35","modified_gmt":"2026-03-07T06:20:35","slug":"camisa-asics-2041a339-3","status":"publish","type":"product","link":"https:\/\/www.deporteseli.com\/?product=camisa-asics-2041a339-3","title":{"rendered":"CAMISA ASICS 2041A339"},"content":{"rendered":"<p>La camiseta de manga corta COURT presenta un dise\u00f1o cl\u00e1sico, atemporal para una variedad de partidos y entrenamientos. Est\u00e1 dise\u00f1ada con un material cl\u00e1sico de tenis y su tejido seco y suave controla la humedad para una prenda c\u00f3moda. Adem\u00e1s, cuenta con inserciones de malla piqu\u00e9 y un detalle de malla en la espalda para mayor transpirabilidad. Disfruta del juego con una camiseta esencial. Al menos el 50 % del material principal de la prenda est\u00e1 fabricado con contenido reciclado para reducir los residuos y las emisiones de carbono.                                                                                                                                                                                                                                                                                                                                                                                                                                                                                                                                                                                                                                                                                                                                                                                                                                                                                                                                                                                                                                        <\/p>\n","protected":false},"excerpt":{"rendered":"<p>CAMISA ASICS 2041A339<\/p>\n","protected":false},"featured_media":58174,"template":"","meta":[],"product_brand":[],"product_cat":[364],"product_tag":[19],"class_list":{"0":"post-45267","1":"product","2":"type-product","3":"status-publish","4":"has-post-thumbnail","6":"product_cat-padel_y_tenis_textil_camisas","7":"product_tag-asics","8":"pa_color-unico","9":"pa_talla-m","10":"pa_talla-s","11":"thunk-woo-product-list","12":"opn-qv-enable","13":"open-woo-hover-","14":"open-single-product-tab-horizontal","15":"open-shadow-","16":"open-shadow-hover-","18":"first","19":"instock","20":"shipping-taxable","21":"purchasable","22":"product-type-variable"},"jetpack_sharing_enabled":true,"_links":{"self":[{"href":"https:\/\/www.deporteseli.com\/index.php?rest_route=\/wp\/v2\/product\/45267","targetHints":{"allow":["GET"]}}],"collection":[{"href":"https:\/\/www.deporteseli.com\/index.php?rest_route=\/wp\/v2\/product"}],"about":[{"href":"https:\/\/www.deporteseli.com\/index.php?rest_route=\/wp\/v2\/types\/product"}],"wp:featuredmedia":[{"embeddable":true,"href":"https:\/\/www.deporteseli.com\/index.php?rest_route=\/wp\/v2\/media\/58174"}],"wp:attachment":[{"href":"https:\/\/www.deporteseli.com\/index.php?rest_route=%2Fwp%2Fv2%2Fmedia&parent=45267"}],"wp:term":[{"taxonomy":"product_brand","embeddable":true,"href":"https:\/\/www.deporteseli.com\/index.php?rest_route=%2Fwp%2Fv2%2Fproduct_brand&post=45267"},{"taxonomy":"product_cat","embeddable":true,"href":"https:\/\/www.deporteseli.com\/index.php?rest_route=%2Fwp%2Fv2%2Fproduct_cat&post=45267"},{"taxonomy":"product_tag","embeddable":true,"href":"https:\/\/www.deporteseli.com\/index.php?rest_route=%2Fwp%2Fv2%2Fproduct_tag&post=45267"}],"curies":[{"name":"wp","href":"https:\/\/api.w.org\/{rel}","templated":true}]}}