{"id":45260,"date":"2026-01-27T20:46:47","date_gmt":"2026-01-27T20:46:47","guid":{"rendered":"https:\/\/www.deporteseli.com\/?product=jolt-4-ps"},"modified":"2026-01-27T20:46:48","modified_gmt":"2026-01-27T20:46:48","slug":"jolt-4-ps","status":"publish","type":"product","link":"https:\/\/www.deporteseli.com\/?product=jolt-4-ps","title":{"rendered":"JOLT 4 PS"},"content":{"rendered":"<p>Descripci\u00f3n  Inspiradas en nuestra serie de running GT, las zapatillas JOLT 4 PS (Pre School) son un modelo multifuncional dise\u00f1ado para el uso diario. Con un c\u00f3modo ajuste en el antepi\u00e9, esta zapatilla se complementa con superposiciones cosidas para mejorar el apoyo en la parte superior. Las capas de malla ofrecen un mejor flujo de aire para mantener los pies frescos, mientras que la puntera cosida y la suela exterior de goma s\u00f3lida aumentan la durabilidad.                                                                                                                                                                                                                                                                                                                                                                                                                                                                                                                                                                                                                                                                                                                                                                                                                                                                                                                                                                                                                                        <\/p>\n","protected":false},"excerpt":{"rendered":"<p>JOLT 4 PS<\/p>\n","protected":false},"featured_media":58165,"template":"","meta":[],"product_brand":[],"product_cat":[308],"product_tag":[19],"class_list":{"0":"post-45260","1":"product","2":"type-product","3":"status-publish","4":"has-post-thumbnail","6":"product_cat-nino_calzado_running","7":"product_tag-asics","8":"pa_color-unico","9":"pa_talla-129","10":"thunk-woo-product-list","11":"opn-qv-enable","12":"open-woo-hover-","13":"open-single-product-tab-horizontal","14":"open-shadow-","15":"open-shadow-hover-","17":"first","18":"instock","19":"sale","20":"shipping-taxable","21":"purchasable","22":"product-type-variable"},"jetpack_sharing_enabled":true,"_links":{"self":[{"href":"https:\/\/www.deporteseli.com\/index.php?rest_route=\/wp\/v2\/product\/45260","targetHints":{"allow":["GET"]}}],"collection":[{"href":"https:\/\/www.deporteseli.com\/index.php?rest_route=\/wp\/v2\/product"}],"about":[{"href":"https:\/\/www.deporteseli.com\/index.php?rest_route=\/wp\/v2\/types\/product"}],"wp:featuredmedia":[{"embeddable":true,"href":"https:\/\/www.deporteseli.com\/index.php?rest_route=\/wp\/v2\/media\/58165"}],"wp:attachment":[{"href":"https:\/\/www.deporteseli.com\/index.php?rest_route=%2Fwp%2Fv2%2Fmedia&parent=45260"}],"wp:term":[{"taxonomy":"product_brand","embeddable":true,"href":"https:\/\/www.deporteseli.com\/index.php?rest_route=%2Fwp%2Fv2%2Fproduct_brand&post=45260"},{"taxonomy":"product_cat","embeddable":true,"href":"https:\/\/www.deporteseli.com\/index.php?rest_route=%2Fwp%2Fv2%2Fproduct_cat&post=45260"},{"taxonomy":"product_tag","embeddable":true,"href":"https:\/\/www.deporteseli.com\/index.php?rest_route=%2Fwp%2Fv2%2Fproduct_tag&post=45260"}],"curies":[{"name":"wp","href":"https:\/\/api.w.org\/{rel}","templated":true}]}}