{"id":45256,"date":"2026-01-27T20:46:41","date_gmt":"2026-01-27T20:46:41","guid":{"rendered":"https:\/\/www.deporteseli.com\/?product=short-puma-684905"},"modified":"2026-03-07T06:20:32","modified_gmt":"2026-03-07T06:20:32","slug":"short-puma-684905","status":"publish","type":"product","link":"https:\/\/www.deporteseli.com\/?product=short-puma-684905","title":{"rendered":"SHORT PUMA 684905"},"content":{"rendered":"<p>Descripci\u00f3n  El pantal\u00f3n Puma Essentials Small No. 1 Logo en color Pink Fruit es la elecci\u00f3n perfecta para las ni\u00f1as que buscan combinar estilo y confort. Este pantal\u00f3n corto cuenta con una cintura el\u00e1stica que proporciona un ajuste c\u00f3modo y seguro. Su tejido suave garantiza una agradable sensaci\u00f3n al tacto y libertad de movimiento.  Dise\u00f1ado con un ajuste regular, es ideal para actividades diarias o para disfrutar de un d\u00eda de juegos. El logo de la marca destaca con elegancia, aportando un toque distintivo que har\u00e1 que resalte en cualquier ocasi\u00f3n.  El color Pink Fruit es vibrante y moderno, reflejando la personalidad activa y alegre de las m\u00e1s peque\u00f1as. No esperes m\u00e1s y perm\u00edtele a tu ni\u00f1a disfrutar de la comodidad y el estilo que ofrece este pantal\u00f3n Puma, ideal para todas las temporadas.    Caracter\u00edsticas  Pantal\u00f3n corto  Cintura el\u00e1stica  Tejido suave  Ajuste regular  Comodidad y estilo  Logo de la marca  Color del producto: Pink Fruit                                                                                                                                                                                                                                                                                                                                                                                                                                                                                                                                                                                                                                                                                                                                                                                                                                                                                                                                                                                                                                        <\/p>\n","protected":false},"excerpt":{"rendered":"<p>SHORT PUMA 684905<\/p>\n","protected":false},"featured_media":58162,"template":"","meta":[],"product_brand":[],"product_cat":[382],"product_tag":[32],"class_list":{"0":"post-45256","1":"product","2":"type-product","3":"status-publish","4":"has-post-thumbnail","6":"product_cat-ninas_textil_shorts","7":"product_tag-puma","8":"pa_color-unico","9":"pa_talla-t-12","10":"pa_talla-t-14","11":"pa_talla-t-16","12":"thunk-woo-product-list","13":"opn-qv-enable","14":"open-woo-hover-","15":"open-single-product-tab-horizontal","16":"open-shadow-","17":"open-shadow-hover-","19":"first","20":"instock","21":"shipping-taxable","22":"purchasable","23":"product-type-variable"},"jetpack_sharing_enabled":true,"_links":{"self":[{"href":"https:\/\/www.deporteseli.com\/index.php?rest_route=\/wp\/v2\/product\/45256","targetHints":{"allow":["GET"]}}],"collection":[{"href":"https:\/\/www.deporteseli.com\/index.php?rest_route=\/wp\/v2\/product"}],"about":[{"href":"https:\/\/www.deporteseli.com\/index.php?rest_route=\/wp\/v2\/types\/product"}],"wp:featuredmedia":[{"embeddable":true,"href":"https:\/\/www.deporteseli.com\/index.php?rest_route=\/wp\/v2\/media\/58162"}],"wp:attachment":[{"href":"https:\/\/www.deporteseli.com\/index.php?rest_route=%2Fwp%2Fv2%2Fmedia&parent=45256"}],"wp:term":[{"taxonomy":"product_brand","embeddable":true,"href":"https:\/\/www.deporteseli.com\/index.php?rest_route=%2Fwp%2Fv2%2Fproduct_brand&post=45256"},{"taxonomy":"product_cat","embeddable":true,"href":"https:\/\/www.deporteseli.com\/index.php?rest_route=%2Fwp%2Fv2%2Fproduct_cat&post=45256"},{"taxonomy":"product_tag","embeddable":true,"href":"https:\/\/www.deporteseli.com\/index.php?rest_route=%2Fwp%2Fv2%2Fproduct_tag&post=45256"}],"curies":[{"name":"wp","href":"https:\/\/api.w.org\/{rel}","templated":true}]}}