{"id":45253,"date":"2026-01-27T20:46:37","date_gmt":"2026-01-27T20:46:37","guid":{"rendered":"https:\/\/www.deporteseli.com\/?product=tenis-puma-398285"},"modified":"2026-03-25T05:17:58","modified_gmt":"2026-03-25T05:17:58","slug":"tenis-puma-398285","status":"publish","type":"product","link":"https:\/\/www.deporteseli.com\/?product=tenis-puma-398285","title":{"rendered":"TENIS PUMA 398285"},"content":{"rendered":"<p>HISTORIA DEL PRODUCTO  El dise\u00f1o de las zapatillas Carina Street est\u00e1 inspirado en la moda urbana. Su dise\u00f1o de plataforma y sus detalles del mundo del baloncesto aportan un toque de estilo a cualquier look de diario. Un calzado hecho para los j\u00f3venes que marcan tendencia gracias a sus motivos hologr\u00e1ficos.      CARACTER\u00cdSTICAS   BENEFICIOS  El empeine de las zapatillas est\u00e1 fabricado con al menos un 30 % de materiales reciclados y la suela con al menos un 10 % de materiales reciclados.  DETALLES  Horma est\u00e1ndar  Empeine sint\u00e9tico  Cordones  Suela de goma  Plantilla de tela con la marca PUMA estampada  Detalles hologr\u00e1ficos  PUMA juvenil: recomendado para ni\u00f1os\/adolescentes de 8 a 16 a\u00f1os  Composici\u00f3n  Plantilla: 100% Textil  Suela: 100% Goma  Exterior: 97.89% Sint\u00e9tico, 2.11% Textil  Forro: 100% Textil                                                                                                                                                                                                                                                                                                                                                                                                                                                                                                                                                                                                                                                                                                                                                                                                                                                                                                                                                                                                                                        <\/p>\n","protected":false},"excerpt":{"rendered":"<p>TENIS PUMA 398285<\/p>\n","protected":false},"featured_media":58159,"template":"","meta":[],"product_brand":[],"product_cat":[392],"product_tag":[32],"class_list":{"0":"post-45253","1":"product","2":"type-product","3":"status-publish","4":"has-post-thumbnail","6":"product_cat-ninas_calzado_casual","7":"product_tag-puma","8":"pa_color-unico","9":"pa_talla-125","10":"pa_talla-133","11":"thunk-woo-product-list","12":"opn-qv-enable","13":"open-woo-hover-","14":"open-single-product-tab-horizontal","15":"open-shadow-","16":"open-shadow-hover-","18":"first","19":"instock","20":"sale","21":"shipping-taxable","22":"purchasable","23":"product-type-variable"},"jetpack_sharing_enabled":true,"_links":{"self":[{"href":"https:\/\/www.deporteseli.com\/index.php?rest_route=\/wp\/v2\/product\/45253","targetHints":{"allow":["GET"]}}],"collection":[{"href":"https:\/\/www.deporteseli.com\/index.php?rest_route=\/wp\/v2\/product"}],"about":[{"href":"https:\/\/www.deporteseli.com\/index.php?rest_route=\/wp\/v2\/types\/product"}],"wp:featuredmedia":[{"embeddable":true,"href":"https:\/\/www.deporteseli.com\/index.php?rest_route=\/wp\/v2\/media\/58159"}],"wp:attachment":[{"href":"https:\/\/www.deporteseli.com\/index.php?rest_route=%2Fwp%2Fv2%2Fmedia&parent=45253"}],"wp:term":[{"taxonomy":"product_brand","embeddable":true,"href":"https:\/\/www.deporteseli.com\/index.php?rest_route=%2Fwp%2Fv2%2Fproduct_brand&post=45253"},{"taxonomy":"product_cat","embeddable":true,"href":"https:\/\/www.deporteseli.com\/index.php?rest_route=%2Fwp%2Fv2%2Fproduct_cat&post=45253"},{"taxonomy":"product_tag","embeddable":true,"href":"https:\/\/www.deporteseli.com\/index.php?rest_route=%2Fwp%2Fv2%2Fproduct_tag&post=45253"}],"curies":[{"name":"wp","href":"https:\/\/api.w.org\/{rel}","templated":true}]}}