{"id":45249,"date":"2026-01-27T20:46:30","date_gmt":"2026-01-27T20:46:30","guid":{"rendered":"https:\/\/www.deporteseli.com\/?product=polo-puma-682554-2"},"modified":"2026-04-08T04:17:44","modified_gmt":"2026-04-08T04:17:44","slug":"polo-puma-682554-2","status":"publish","type":"product","link":"https:\/\/www.deporteseli.com\/?product=polo-puma-682554-2","title":{"rendered":"POLO PUMA 682554"},"content":{"rendered":"<p>HISTORIA DEL PRODUCTO  El estilo cl\u00e1sico se une a la frescura sin complicaciones con este polo PUMA. Con su logo del gato PUMA bordado y una abertura de dos botones con cuello acanalado, es tu prenda imprescindible para cualquier ocasi\u00f3n. Si\u00e9ntete seguro de ti mismo y luce un aspecto impecable.    DETALLES  Ajuste regular  Material de piqu\u00e9  Largo regular  Cuello tejido  Manga corta  Detalles de la marca PUMA  Material De Informaci\u00f3n  Exterior: 96% Algod\u00f3n, 4% Elastano  Cuello: 96% Algod\u00f3n, 4% Elastano  Pu\u00f1o De La Manga: 96% Algod\u00f3n, 4% Elastano  Instrucciones De Cuidado  Lavar Con Colores Similares  Utilizar Detergente Especial Para Prendas De Color  Cerrar Todas Las Aberturas  Decoraci\u00f3n exclusiva  No limpiar en seco  Lavar Y Planchar La Prenda Por El Lado Del Rev\u00e9s                                                                                                                                                                                                                                                                                                                                                                                                                                                                                                                                                                                                                                                                                                                                                                                                                                                                                                                                                                                                                                        <\/p>\n","protected":false},"excerpt":{"rendered":"<p>POLO PUMA 682554<\/p>\n","protected":false},"featured_media":58156,"template":"","meta":[],"product_brand":[],"product_cat":[245],"product_tag":[32],"class_list":{"0":"post-45249","1":"product","2":"type-product","3":"status-publish","4":"has-post-thumbnail","6":"product_cat-hombre_textil_camisetas","7":"product_tag-puma","8":"pa_color-unico","9":"pa_talla-l","10":"pa_talla-m","11":"pa_talla-xl","12":"pa_talla-xxl","13":"thunk-woo-product-list","14":"opn-qv-enable","15":"open-woo-hover-","16":"open-single-product-tab-horizontal","17":"open-shadow-","18":"open-shadow-hover-","20":"first","21":"instock","22":"shipping-taxable","23":"purchasable","24":"product-type-variable"},"jetpack_sharing_enabled":true,"_links":{"self":[{"href":"https:\/\/www.deporteseli.com\/index.php?rest_route=\/wp\/v2\/product\/45249","targetHints":{"allow":["GET"]}}],"collection":[{"href":"https:\/\/www.deporteseli.com\/index.php?rest_route=\/wp\/v2\/product"}],"about":[{"href":"https:\/\/www.deporteseli.com\/index.php?rest_route=\/wp\/v2\/types\/product"}],"wp:featuredmedia":[{"embeddable":true,"href":"https:\/\/www.deporteseli.com\/index.php?rest_route=\/wp\/v2\/media\/58156"}],"wp:attachment":[{"href":"https:\/\/www.deporteseli.com\/index.php?rest_route=%2Fwp%2Fv2%2Fmedia&parent=45249"}],"wp:term":[{"taxonomy":"product_brand","embeddable":true,"href":"https:\/\/www.deporteseli.com\/index.php?rest_route=%2Fwp%2Fv2%2Fproduct_brand&post=45249"},{"taxonomy":"product_cat","embeddable":true,"href":"https:\/\/www.deporteseli.com\/index.php?rest_route=%2Fwp%2Fv2%2Fproduct_cat&post=45249"},{"taxonomy":"product_tag","embeddable":true,"href":"https:\/\/www.deporteseli.com\/index.php?rest_route=%2Fwp%2Fv2%2Fproduct_tag&post=45249"}],"curies":[{"name":"wp","href":"https:\/\/api.w.org\/{rel}","templated":true}]}}