{"id":45219,"date":"2026-01-27T20:45:49","date_gmt":"2026-01-27T20:45:49","guid":{"rendered":"https:\/\/www.deporteseli.com\/?product=short-bullpadel-dictio-azul"},"modified":"2026-03-07T06:20:23","modified_gmt":"2026-03-07T06:20:23","slug":"short-bullpadel-dictio-azul","status":"publish","type":"product","link":"https:\/\/www.deporteseli.com\/?product=short-bullpadel-dictio-azul","title":{"rendered":"SHORT BULLPADEL DICTIO AZUL"},"content":{"rendered":"<p>Pantal\u00f3n con cinturilla ajustable con cord\u00f3n, malla interior y parte trasera en tejido a la plana con semi perforaciones.    Fabricado en tejido de jersey de poli\u00e9ster el\u00e1stico y tejido a la plana de poli\u00e9ster el\u00e1stico en dos direcciones. Se le aplica la calidad Binamic se garantiza la flexibilidad y ligereza de un buen tejido biel\u00e1stico, proporcionando una gran libertad de movimiento en dos direcciones, integrando tambi\u00e9n el acabado de secado r\u00e1pido que utiliza los microfilamentos para reducir la humedad y ayudar a la transpiraci\u00f3n.    Lleva la etiqueta de Delfi Brea      86% POLIESTER-14% ELASTAN, ELASTIC JERSEY                                                                                                                                                                                                                                                                                                                                                                                                                                                                                                                                                                                                                                                                                                                                                                                                                                                                                                                                                                                                                                        <\/p>\n","protected":false},"excerpt":{"rendered":"<p>SHORT BULLPADEL DICTIO AZUL<\/p>\n","protected":false},"featured_media":58127,"template":"","meta":[],"product_brand":[],"product_cat":[365],"product_tag":[21],"class_list":{"0":"post-45219","1":"product","2":"type-product","3":"status-publish","4":"has-post-thumbnail","6":"product_cat-padel_y_tenis_textil_shorts","7":"product_tag-bull_padel","8":"pa_color-unico","9":"pa_talla-l","10":"pa_talla-m","11":"pa_talla-s","12":"pa_talla-xl","13":"thunk-woo-product-list","14":"opn-qv-enable","15":"open-woo-hover-","16":"open-single-product-tab-horizontal","17":"open-shadow-","18":"open-shadow-hover-","20":"first","21":"instock","22":"shipping-taxable","23":"purchasable","24":"product-type-variable"},"jetpack_sharing_enabled":true,"_links":{"self":[{"href":"https:\/\/www.deporteseli.com\/index.php?rest_route=\/wp\/v2\/product\/45219","targetHints":{"allow":["GET"]}}],"collection":[{"href":"https:\/\/www.deporteseli.com\/index.php?rest_route=\/wp\/v2\/product"}],"about":[{"href":"https:\/\/www.deporteseli.com\/index.php?rest_route=\/wp\/v2\/types\/product"}],"wp:featuredmedia":[{"embeddable":true,"href":"https:\/\/www.deporteseli.com\/index.php?rest_route=\/wp\/v2\/media\/58127"}],"wp:attachment":[{"href":"https:\/\/www.deporteseli.com\/index.php?rest_route=%2Fwp%2Fv2%2Fmedia&parent=45219"}],"wp:term":[{"taxonomy":"product_brand","embeddable":true,"href":"https:\/\/www.deporteseli.com\/index.php?rest_route=%2Fwp%2Fv2%2Fproduct_brand&post=45219"},{"taxonomy":"product_cat","embeddable":true,"href":"https:\/\/www.deporteseli.com\/index.php?rest_route=%2Fwp%2Fv2%2Fproduct_cat&post=45219"},{"taxonomy":"product_tag","embeddable":true,"href":"https:\/\/www.deporteseli.com\/index.php?rest_route=%2Fwp%2Fv2%2Fproduct_tag&post=45219"}],"curies":[{"name":"wp","href":"https:\/\/api.w.org\/{rel}","templated":true}]}}