{"id":45214,"date":"2026-01-27T20:45:41","date_gmt":"2026-01-27T20:45:41","guid":{"rendered":"https:\/\/www.deporteseli.com\/?product=tenis-j-smith-vegan-blanco"},"modified":"2026-04-22T04:18:01","modified_gmt":"2026-04-22T04:18:01","slug":"tenis-j-smith-vegan-blanco","status":"publish","type":"product","link":"https:\/\/www.deporteseli.com\/?product=tenis-j-smith-vegan-blanco","title":{"rendered":"TENIS J.SMITH VEGAN BLANCO"},"content":{"rendered":"<p>La suela es de phylon confiere a la zapatilla una ligereza y comodidad rese\u00f1ables. El proceso de montado estilo California, t\u00edpico del running, elimina piezas m\u00e1s rigidas y permite que la amortiguaci\u00f3n sea m\u00e1s efectiva. Dise\u00f1o de corte que favorece la flexi\u00f3n natural del pie.                                                                                                                                                                                                                                                                                                                                                                                                                                                                                                                                                                                                                                                                                                                                                                                                                                                                                                                                                                                                                                        <\/p>\n","protected":false},"excerpt":{"rendered":"<p>TENIS J.SMITH VEGAN BLANCO<\/p>\n","protected":false},"featured_media":58123,"template":"","meta":[],"product_brand":[],"product_cat":[261],"product_tag":[43],"class_list":{"0":"post-45214","1":"product","2":"type-product","3":"status-publish","4":"has-post-thumbnail","6":"product_cat-hombre_calzado_casual","7":"product_tag-jhon_smith","8":"pa_color-unico","9":"pa_talla-141","10":"pa_talla-143","11":"pa_talla-145","12":"pa_talla-147","13":"thunk-woo-product-list","14":"opn-qv-enable","15":"open-woo-hover-","16":"open-single-product-tab-horizontal","17":"open-shadow-","18":"open-shadow-hover-","20":"first","21":"instock","22":"sale","23":"shipping-taxable","24":"purchasable","25":"product-type-variable"},"jetpack_sharing_enabled":true,"_links":{"self":[{"href":"https:\/\/www.deporteseli.com\/index.php?rest_route=\/wp\/v2\/product\/45214","targetHints":{"allow":["GET"]}}],"collection":[{"href":"https:\/\/www.deporteseli.com\/index.php?rest_route=\/wp\/v2\/product"}],"about":[{"href":"https:\/\/www.deporteseli.com\/index.php?rest_route=\/wp\/v2\/types\/product"}],"wp:featuredmedia":[{"embeddable":true,"href":"https:\/\/www.deporteseli.com\/index.php?rest_route=\/wp\/v2\/media\/58123"}],"wp:attachment":[{"href":"https:\/\/www.deporteseli.com\/index.php?rest_route=%2Fwp%2Fv2%2Fmedia&parent=45214"}],"wp:term":[{"taxonomy":"product_brand","embeddable":true,"href":"https:\/\/www.deporteseli.com\/index.php?rest_route=%2Fwp%2Fv2%2Fproduct_brand&post=45214"},{"taxonomy":"product_cat","embeddable":true,"href":"https:\/\/www.deporteseli.com\/index.php?rest_route=%2Fwp%2Fv2%2Fproduct_cat&post=45214"},{"taxonomy":"product_tag","embeddable":true,"href":"https:\/\/www.deporteseli.com\/index.php?rest_route=%2Fwp%2Fv2%2Fproduct_tag&post=45214"}],"curies":[{"name":"wp","href":"https:\/\/api.w.org\/{rel}","templated":true}]}}