{"id":45210,"date":"2026-01-27T20:45:34","date_gmt":"2026-01-27T20:45:34","guid":{"rendered":"https:\/\/www.deporteseli.com\/?product=tenis-j-smith-rivex-w-ngro"},"modified":"2026-01-27T20:45:36","modified_gmt":"2026-01-27T20:45:36","slug":"tenis-j-smith-rivex-w-ngro","status":"publish","type":"product","link":"https:\/\/www.deporteseli.com\/?product=tenis-j-smith-rivex-w-ngro","title":{"rendered":"TENIS J.SMITH RIVEX W NGRO"},"content":{"rendered":"<p>Zapatilla para un running ligero. La combinaci\u00f3n de jacquard y termosellados contribuyen a conseguir una zapatilla ligera y llamativa. Mediasuela de phylon con m\u00e1ximo poder de absorci\u00f3n.    La tecnolog\u00e7ia Califormia Lasting proporciona mayor estabilidad y comodidad.                                                                                                                                                                                                                                                                                                                                                                                                                                                                                                                                                                                                                                                                                                                                                                                                                                                                                                                                                                                                                                        <\/p>\n","protected":false},"excerpt":{"rendered":"<p>TENIS J.SMITH RIVEX W NGRO<\/p>\n","protected":false},"featured_media":58115,"template":"","meta":[],"product_brand":[],"product_cat":[285],"product_tag":[43],"class_list":{"0":"post-45210","1":"product","2":"type-product","3":"status-publish","4":"has-post-thumbnail","6":"product_cat-mujer_calzado_running","7":"product_tag-jhon_smith","8":"pa_color-unico","9":"pa_talla-149","10":"thunk-woo-product-list","11":"opn-qv-enable","12":"open-woo-hover-","13":"open-single-product-tab-horizontal","14":"open-shadow-","15":"open-shadow-hover-","17":"first","18":"instock","19":"sale","20":"shipping-taxable","21":"purchasable","22":"product-type-variable"},"jetpack_sharing_enabled":true,"_links":{"self":[{"href":"https:\/\/www.deporteseli.com\/index.php?rest_route=\/wp\/v2\/product\/45210","targetHints":{"allow":["GET"]}}],"collection":[{"href":"https:\/\/www.deporteseli.com\/index.php?rest_route=\/wp\/v2\/product"}],"about":[{"href":"https:\/\/www.deporteseli.com\/index.php?rest_route=\/wp\/v2\/types\/product"}],"wp:featuredmedia":[{"embeddable":true,"href":"https:\/\/www.deporteseli.com\/index.php?rest_route=\/wp\/v2\/media\/58115"}],"wp:attachment":[{"href":"https:\/\/www.deporteseli.com\/index.php?rest_route=%2Fwp%2Fv2%2Fmedia&parent=45210"}],"wp:term":[{"taxonomy":"product_brand","embeddable":true,"href":"https:\/\/www.deporteseli.com\/index.php?rest_route=%2Fwp%2Fv2%2Fproduct_brand&post=45210"},{"taxonomy":"product_cat","embeddable":true,"href":"https:\/\/www.deporteseli.com\/index.php?rest_route=%2Fwp%2Fv2%2Fproduct_cat&post=45210"},{"taxonomy":"product_tag","embeddable":true,"href":"https:\/\/www.deporteseli.com\/index.php?rest_route=%2Fwp%2Fv2%2Fproduct_tag&post=45210"}],"curies":[{"name":"wp","href":"https:\/\/api.w.org\/{rel}","templated":true}]}}