{"id":45189,"date":"2026-01-27T20:44:57","date_gmt":"2026-01-27T20:44:57","guid":{"rendered":"https:\/\/www.deporteseli.com\/?product=tenis-j-smith-casbas"},"modified":"2026-02-16T07:55:33","modified_gmt":"2026-02-16T07:55:33","slug":"tenis-j-smith-casbas","status":"publish","type":"product","link":"https:\/\/www.deporteseli.com\/?product=tenis-j-smith-casbas","title":{"rendered":"TENIS J.SMITH CASBAS"},"content":{"rendered":"<p>Zapatilla que destaca por su robustez, su corte sint\u00e9tico de alta densidad nos proporciona una protecci\u00f3n y resistencia adicionales. El agujereado en la puntera dota a la zapatilla de una transpirabilidad extra, a la vez que la enriquece visualmente. Su suela completa de goma redunda en la protecci\u00f3n a la vez que permite un aspecto muy en tendencia. Dis\u00f1e\u00f1o de corte que favorece la flexi\u00f3n natural del pie. Ajuste mediante cordones y tira de velcro superior.                                                                                                                                                                                                                                                                                                                                                                                                                                                                                                                                                                                                                                                                                                                                                                                                                                                                                                                                                                                                                                        <\/p>\n","protected":false},"excerpt":{"rendered":"<p>TENIS J.SMITH CASBAS<\/p>\n","protected":false},"featured_media":58095,"template":"","meta":[],"product_brand":[],"product_cat":[310],"product_tag":[43],"class_list":{"0":"post-45189","1":"product","2":"type-product","3":"status-publish","4":"has-post-thumbnail","6":"product_cat-nino_calzado_casual","7":"product_tag-jhon_smith","8":"pa_color-unico","9":"pa_talla-125","10":"pa_talla-131","11":"pa_talla-133","12":"pa_talla-135","13":"pa_talla-139","14":"thunk-woo-product-list","15":"opn-qv-enable","16":"open-woo-hover-","17":"open-single-product-tab-horizontal","18":"open-shadow-","19":"open-shadow-hover-","21":"first","22":"instock","23":"sale","24":"shipping-taxable","25":"purchasable","26":"product-type-variable"},"jetpack_sharing_enabled":true,"_links":{"self":[{"href":"https:\/\/www.deporteseli.com\/index.php?rest_route=\/wp\/v2\/product\/45189","targetHints":{"allow":["GET"]}}],"collection":[{"href":"https:\/\/www.deporteseli.com\/index.php?rest_route=\/wp\/v2\/product"}],"about":[{"href":"https:\/\/www.deporteseli.com\/index.php?rest_route=\/wp\/v2\/types\/product"}],"wp:featuredmedia":[{"embeddable":true,"href":"https:\/\/www.deporteseli.com\/index.php?rest_route=\/wp\/v2\/media\/58095"}],"wp:attachment":[{"href":"https:\/\/www.deporteseli.com\/index.php?rest_route=%2Fwp%2Fv2%2Fmedia&parent=45189"}],"wp:term":[{"taxonomy":"product_brand","embeddable":true,"href":"https:\/\/www.deporteseli.com\/index.php?rest_route=%2Fwp%2Fv2%2Fproduct_brand&post=45189"},{"taxonomy":"product_cat","embeddable":true,"href":"https:\/\/www.deporteseli.com\/index.php?rest_route=%2Fwp%2Fv2%2Fproduct_cat&post=45189"},{"taxonomy":"product_tag","embeddable":true,"href":"https:\/\/www.deporteseli.com\/index.php?rest_route=%2Fwp%2Fv2%2Fproduct_tag&post=45189"}],"curies":[{"name":"wp","href":"https:\/\/api.w.org\/{rel}","templated":true}]}}