{"id":45151,"date":"2026-01-27T20:44:03","date_gmt":"2026-01-27T20:44:03","guid":{"rendered":"https:\/\/www.deporteseli.com\/?product=tenis-puma-392033"},"modified":"2026-01-27T20:44:12","modified_gmt":"2026-01-27T20:44:12","slug":"tenis-puma-392033","status":"publish","type":"product","link":"https:\/\/www.deporteseli.com\/?product=tenis-puma-392033","title":{"rendered":"TENIS PUMA 392033"},"content":{"rendered":"<p>Descripci\u00f3n    A los peque\u00f1os les encantar\u00e1n estas estilizadas Tenis. Tienen el dise\u00f1o cl\u00e1sico, pero con un giro moderno. Adem\u00e1s, est\u00e1n llenas de detalles funcionales y formas definidas pensadas para crear un modelo elegante y c\u00f3modo para los primeros pasos de los m\u00e1s peque\u00f1os. Son absolutamente encantadoras.                                                                                                                                                                                                                                                                                                                                                                                                                                                                                                                                                                                                                                                                                                                                                                                                                                                                                                                                                                                                                                        <\/p>\n","protected":false},"excerpt":{"rendered":"<p>TENIS PUMA 392033<\/p>\n","protected":false},"featured_media":58072,"template":"","meta":[],"product_brand":[],"product_cat":[310],"product_tag":[32],"class_list":{"0":"post-45151","1":"product","2":"type-product","3":"status-publish","4":"has-post-thumbnail","6":"product_cat-nino_calzado_casual","7":"product_tag-puma","8":"pa_color-unico","9":"pa_talla-129","10":"pa_talla-131","11":"pa_talla-133","12":"pa_talla-135","13":"pa_talla-137","14":"pa_talla-139","15":"thunk-woo-product-list","16":"opn-qv-enable","17":"open-woo-hover-","18":"open-single-product-tab-horizontal","19":"open-shadow-","20":"open-shadow-hover-","22":"first","23":"instock","24":"sale","25":"shipping-taxable","26":"purchasable","27":"product-type-variable"},"jetpack_sharing_enabled":true,"_links":{"self":[{"href":"https:\/\/www.deporteseli.com\/index.php?rest_route=\/wp\/v2\/product\/45151","targetHints":{"allow":["GET"]}}],"collection":[{"href":"https:\/\/www.deporteseli.com\/index.php?rest_route=\/wp\/v2\/product"}],"about":[{"href":"https:\/\/www.deporteseli.com\/index.php?rest_route=\/wp\/v2\/types\/product"}],"wp:featuredmedia":[{"embeddable":true,"href":"https:\/\/www.deporteseli.com\/index.php?rest_route=\/wp\/v2\/media\/58072"}],"wp:attachment":[{"href":"https:\/\/www.deporteseli.com\/index.php?rest_route=%2Fwp%2Fv2%2Fmedia&parent=45151"}],"wp:term":[{"taxonomy":"product_brand","embeddable":true,"href":"https:\/\/www.deporteseli.com\/index.php?rest_route=%2Fwp%2Fv2%2Fproduct_brand&post=45151"},{"taxonomy":"product_cat","embeddable":true,"href":"https:\/\/www.deporteseli.com\/index.php?rest_route=%2Fwp%2Fv2%2Fproduct_cat&post=45151"},{"taxonomy":"product_tag","embeddable":true,"href":"https:\/\/www.deporteseli.com\/index.php?rest_route=%2Fwp%2Fv2%2Fproduct_tag&post=45151"}],"curies":[{"name":"wp","href":"https:\/\/api.w.org\/{rel}","templated":true}]}}