{"id":45149,"date":"2026-01-27T20:44:01","date_gmt":"2026-01-27T20:44:01","guid":{"rendered":"https:\/\/www.deporteseli.com\/?product=balon-puma-la-liga-naranja"},"modified":"2026-04-02T04:18:40","modified_gmt":"2026-04-02T04:18:40","slug":"balon-puma-la-liga-naranja","status":"publish","type":"product","link":"https:\/\/www.deporteseli.com\/?product=balon-puma-la-liga-naranja","title":{"rendered":"BALON PUMA LA LIGA-NARANJA"},"content":{"rendered":"<p>Descripci\u00f3n  Descubre el Bal\u00f3n de F\u00fatbol Puma Orbita Laliga 1 Hyb 0, dise\u00f1ado especialmente para entrenamientos y como r\u00e9plica oficial de La Liga en Espa\u00f1a.    Este bal\u00f3n destaca por su calidad, compuesto de:    &#8211; PU 25%: Aporta durabilidad y resistencia.  &#8211; EVA 20%: Ofrece un excelente rebote y amortiguaci\u00f3n.  &#8211; Poli\u00e9ster 7%: Mejora la estructura del bal\u00f3n.  &#8211; V\u00e1lvula de goma 48%: Garantiza una perfecta retenci\u00f3n de aire.    Ideal para futbolistas de todos los niveles, este bal\u00f3n combina un dise\u00f1o atractivo con un rendimiento excepcional.  Optimiza tus entrenamientos y disfruta del f\u00fatbol como nunca antes!    Caracter\u00edsticas  Bal\u00f3n de entrenamiento r\u00e9plica de La Liga en Espa\u00f1a  Material  PU 25%  EVA 20%  Poli\u00e9ster 7%  V\u00e1lvula de goma 48%                                                                                                                                                                                                                                                                                                                                                                                                                                                                                                                                                                                                                                                                                                                                                                                                                                                                                                                                                                                                                                        <\/p>\n","protected":false},"excerpt":{"rendered":"<p>BALON PUMA LA LIGA-NARANJA<\/p>\n","protected":false},"featured_media":58069,"template":"","meta":[],"product_brand":[],"product_cat":[347],"product_tag":[32],"class_list":{"0":"post-45149","1":"product","2":"type-product","3":"status-publish","4":"has-post-thumbnail","6":"product_cat-deportes_balones","7":"product_tag-puma","8":"pa_color-unico","9":"pa_talla-169","10":"thunk-woo-product-list","11":"opn-qv-enable","12":"open-woo-hover-","13":"open-single-product-tab-horizontal","14":"open-shadow-","15":"open-shadow-hover-","17":"first","18":"instock","19":"sale","20":"shipping-taxable","21":"purchasable","22":"product-type-variable"},"jetpack_sharing_enabled":true,"_links":{"self":[{"href":"https:\/\/www.deporteseli.com\/index.php?rest_route=\/wp\/v2\/product\/45149","targetHints":{"allow":["GET"]}}],"collection":[{"href":"https:\/\/www.deporteseli.com\/index.php?rest_route=\/wp\/v2\/product"}],"about":[{"href":"https:\/\/www.deporteseli.com\/index.php?rest_route=\/wp\/v2\/types\/product"}],"wp:featuredmedia":[{"embeddable":true,"href":"https:\/\/www.deporteseli.com\/index.php?rest_route=\/wp\/v2\/media\/58069"}],"wp:attachment":[{"href":"https:\/\/www.deporteseli.com\/index.php?rest_route=%2Fwp%2Fv2%2Fmedia&parent=45149"}],"wp:term":[{"taxonomy":"product_brand","embeddable":true,"href":"https:\/\/www.deporteseli.com\/index.php?rest_route=%2Fwp%2Fv2%2Fproduct_brand&post=45149"},{"taxonomy":"product_cat","embeddable":true,"href":"https:\/\/www.deporteseli.com\/index.php?rest_route=%2Fwp%2Fv2%2Fproduct_cat&post=45149"},{"taxonomy":"product_tag","embeddable":true,"href":"https:\/\/www.deporteseli.com\/index.php?rest_route=%2Fwp%2Fv2%2Fproduct_tag&post=45149"}],"curies":[{"name":"wp","href":"https:\/\/api.w.org\/{rel}","templated":true}]}}