{"id":45079,"date":"2026-01-27T20:42:22","date_gmt":"2026-01-27T20:42:22","guid":{"rendered":"https:\/\/www.deporteseli.com\/?product=camisa-asics-2041a339-2"},"modified":"2026-03-07T06:19:39","modified_gmt":"2026-03-07T06:19:39","slug":"camisa-asics-2041a339-2","status":"publish","type":"product","link":"https:\/\/www.deporteseli.com\/?product=camisa-asics-2041a339-2","title":{"rendered":"CAMISA ASICS 2041A339"},"content":{"rendered":"<p>Descripci\u00f3n  El top COURT SHORT SLEEVE TOP presenta un dise\u00f1o cl\u00e1sico y atemporal y es ideal para disputar partidos y entrenar. Est\u00e1 dise\u00f1ado con un material de tenis cl\u00e1sico y gestiona la humedad con su tejido seco y suave para una camiseta c\u00f3moda.    Este top tambi\u00e9n cuenta con inserciones de malla piqu\u00e9 y un detalle de malla en la espalda para aumentar la transpirabilidad. As\u00ed que disfruta del juego con una camiseta imprescindible.    Al menos el 50 % del material principal de la prenda est\u00e1 fabricado con materiales reciclados para reducir los residuos y las emisiones de carbono.                                                                                                                                                                                                                                                                                                                                                                                                                                                                                                                                                                                                                                                                                                                                                                                                                                                                                                                                                                                                                                        <\/p>\n","protected":false},"excerpt":{"rendered":"<p>CAMISA ASICS 2041A339<\/p>\n","protected":false},"featured_media":58024,"template":"","meta":[],"product_brand":[],"product_cat":[364],"product_tag":[19],"class_list":{"0":"post-45079","1":"product","2":"type-product","3":"status-publish","4":"has-post-thumbnail","6":"product_cat-padel_y_tenis_textil_camisas","7":"product_tag-asics","8":"pa_color-unico","9":"pa_talla-l","10":"pa_talla-m","11":"pa_talla-s","12":"thunk-woo-product-list","13":"opn-qv-enable","14":"open-woo-hover-","15":"open-single-product-tab-horizontal","16":"open-shadow-","17":"open-shadow-hover-","19":"first","20":"instock","21":"shipping-taxable","22":"purchasable","23":"product-type-variable"},"jetpack_sharing_enabled":true,"_links":{"self":[{"href":"https:\/\/www.deporteseli.com\/index.php?rest_route=\/wp\/v2\/product\/45079","targetHints":{"allow":["GET"]}}],"collection":[{"href":"https:\/\/www.deporteseli.com\/index.php?rest_route=\/wp\/v2\/product"}],"about":[{"href":"https:\/\/www.deporteseli.com\/index.php?rest_route=\/wp\/v2\/types\/product"}],"wp:featuredmedia":[{"embeddable":true,"href":"https:\/\/www.deporteseli.com\/index.php?rest_route=\/wp\/v2\/media\/58024"}],"wp:attachment":[{"href":"https:\/\/www.deporteseli.com\/index.php?rest_route=%2Fwp%2Fv2%2Fmedia&parent=45079"}],"wp:term":[{"taxonomy":"product_brand","embeddable":true,"href":"https:\/\/www.deporteseli.com\/index.php?rest_route=%2Fwp%2Fv2%2Fproduct_brand&post=45079"},{"taxonomy":"product_cat","embeddable":true,"href":"https:\/\/www.deporteseli.com\/index.php?rest_route=%2Fwp%2Fv2%2Fproduct_cat&post=45079"},{"taxonomy":"product_tag","embeddable":true,"href":"https:\/\/www.deporteseli.com\/index.php?rest_route=%2Fwp%2Fv2%2Fproduct_tag&post=45079"}],"curies":[{"name":"wp","href":"https:\/\/api.w.org\/{rel}","templated":true}]}}