{"id":45061,"date":"2026-01-27T20:41:56","date_gmt":"2026-01-27T20:41:56","guid":{"rendered":"https:\/\/www.deporteseli.com\/?product=calcetines-tobilleros-linear-cushioned-2"},"modified":"2026-02-16T07:55:21","modified_gmt":"2026-02-16T07:55:21","slug":"calcetines-tobilleros-linear-cushioned-2","status":"publish","type":"product","link":"https:\/\/www.deporteseli.com\/?product=calcetines-tobilleros-linear-cushioned-2","title":{"rendered":"CALCETINES TOBILLEROS LINEAR CUSHIONED"},"content":{"rendered":"<p>CONFORT Y ESTILO PARA TUS PIES  Estos calcetines tobilleros adidas se han confeccionado en un tejido suave y transpirable que combina algod\u00f3n y poli\u00e9ster. La puntera y el tal\u00f3n acolchados te ofrecen una pisada m\u00e1s c\u00f3moda. Cada pack contiene tres pares con el logotipo de adidas a lo largo del pu\u00f1o.    Este producto contiene al menos un 50% de materiales reciclados y renovables.  Largo hasta el tobillo  71% algod\u00f3n \/ 26% poli\u00e9ster reciclado \/ 2% elast\u00e1n \/ 1% nailon reciclado  Tres pares por paquete  Amortiguaci\u00f3n en la planta, el tal\u00f3n y la puntera  Color del art\u00edculo: Medium Grey Heather \/ White \/ Black  N\u00famero de art\u00edculo: IC1304                                                                                                                                                                                                                                                                                                                                                                                                                                                                                                                                                                                                                                                                                                                                                                                                                                                                                                                                                                                                                                        <\/p>\n","protected":false},"excerpt":{"rendered":"<p>CALCETINES TOBILLEROS LINEAR CUSHIONED<\/p>\n","protected":false},"featured_media":58011,"template":"","meta":[],"product_brand":[],"product_cat":[400],"product_tag":[18],"class_list":{"0":"post-45061","1":"product","2":"type-product","3":"status-publish","4":"has-post-thumbnail","6":"product_cat-accesorios_calcetines","7":"product_tag-adidas","8":"pa_color-unico","9":"pa_talla-35-38","10":"pa_talla-39-42","11":"pa_talla-43-46","12":"thunk-woo-product-list","13":"opn-qv-enable","14":"open-woo-hover-","15":"open-single-product-tab-horizontal","16":"open-shadow-","17":"open-shadow-hover-","19":"first","20":"instock","21":"shipping-taxable","22":"purchasable","23":"product-type-variable"},"jetpack_sharing_enabled":true,"_links":{"self":[{"href":"https:\/\/www.deporteseli.com\/index.php?rest_route=\/wp\/v2\/product\/45061","targetHints":{"allow":["GET"]}}],"collection":[{"href":"https:\/\/www.deporteseli.com\/index.php?rest_route=\/wp\/v2\/product"}],"about":[{"href":"https:\/\/www.deporteseli.com\/index.php?rest_route=\/wp\/v2\/types\/product"}],"wp:featuredmedia":[{"embeddable":true,"href":"https:\/\/www.deporteseli.com\/index.php?rest_route=\/wp\/v2\/media\/58011"}],"wp:attachment":[{"href":"https:\/\/www.deporteseli.com\/index.php?rest_route=%2Fwp%2Fv2%2Fmedia&parent=45061"}],"wp:term":[{"taxonomy":"product_brand","embeddable":true,"href":"https:\/\/www.deporteseli.com\/index.php?rest_route=%2Fwp%2Fv2%2Fproduct_brand&post=45061"},{"taxonomy":"product_cat","embeddable":true,"href":"https:\/\/www.deporteseli.com\/index.php?rest_route=%2Fwp%2Fv2%2Fproduct_cat&post=45061"},{"taxonomy":"product_tag","embeddable":true,"href":"https:\/\/www.deporteseli.com\/index.php?rest_route=%2Fwp%2Fv2%2Fproduct_tag&post=45061"}],"curies":[{"name":"wp","href":"https:\/\/api.w.org\/{rel}","templated":true}]}}