{"id":45052,"date":"2026-01-27T20:41:43","date_gmt":"2026-01-27T20:41:43","guid":{"rendered":"https:\/\/www.deporteseli.com\/?product=banador-colorblock-c-back"},"modified":"2026-02-20T05:18:28","modified_gmt":"2026-02-20T05:18:28","slug":"banador-colorblock-c-back","status":"publish","type":"product","link":"https:\/\/www.deporteseli.com\/?product=banador-colorblock-c-back","title":{"rendered":"BA\u00f1ADOR COLORBLOCK C-BACK"},"content":{"rendered":"<p>ESTILO Y COMODIDAD EN EL AGUA  Nada c\u00f3modamente o rel\u00e1jate al borde de la piscina con este ba\u00f1ador cl\u00e1sico de adidas. Los llamativos bloques de color y el logotipo de las 3 bandas refuerzan su car\u00e1cter deportivo. Su tejido suave y el\u00e1stico te proporciona una gran sujeci\u00f3n y libertad de movimiento.    Este producto contiene al menos un 70% de materiales reciclados. Utilizando materiales reciclados, reducimos los residuos, nuestra dependencia de los recursos finitos y la huella que generan los productos que fabricamos.  Corte ajustado  Espalda con tirantes cruzados  78% nailon (reciclado) \/ 22% elast\u00e1n  Sin refuerzo  Sin relleno  Dise\u00f1o con bloques de color  Color del art\u00edculo: Black \/ Legend Ivy  N\u00famero de art\u00edculo: JE1923                                                                                                                                                                                                                                                                                                                                                                                                                                                                                                                                                                                                                                                                                                                                                                                                                                                                                                                                                                                                                                        <\/p>\n","protected":false},"excerpt":{"rendered":"<p>BA\u00f1ADOR COLORBLOCK C-BACK<\/p>\n","protected":false},"featured_media":58004,"template":"","meta":[],"product_brand":[],"product_cat":[270],"product_tag":[18],"class_list":{"0":"post-45052","1":"product","2":"type-product","3":"status-publish","4":"has-post-thumbnail","6":"product_cat-mujer_textil_banadores","7":"product_tag-adidas","8":"pa_color-unico","9":"pa_talla-141","10":"pa_talla-145","11":"pa_talla-157","12":"thunk-woo-product-list","13":"opn-qv-enable","14":"open-woo-hover-","15":"open-single-product-tab-horizontal","16":"open-shadow-","17":"open-shadow-hover-","19":"first","20":"instock","21":"shipping-taxable","22":"purchasable","23":"product-type-variable"},"jetpack_sharing_enabled":true,"_links":{"self":[{"href":"https:\/\/www.deporteseli.com\/index.php?rest_route=\/wp\/v2\/product\/45052","targetHints":{"allow":["GET"]}}],"collection":[{"href":"https:\/\/www.deporteseli.com\/index.php?rest_route=\/wp\/v2\/product"}],"about":[{"href":"https:\/\/www.deporteseli.com\/index.php?rest_route=\/wp\/v2\/types\/product"}],"wp:featuredmedia":[{"embeddable":true,"href":"https:\/\/www.deporteseli.com\/index.php?rest_route=\/wp\/v2\/media\/58004"}],"wp:attachment":[{"href":"https:\/\/www.deporteseli.com\/index.php?rest_route=%2Fwp%2Fv2%2Fmedia&parent=45052"}],"wp:term":[{"taxonomy":"product_brand","embeddable":true,"href":"https:\/\/www.deporteseli.com\/index.php?rest_route=%2Fwp%2Fv2%2Fproduct_brand&post=45052"},{"taxonomy":"product_cat","embeddable":true,"href":"https:\/\/www.deporteseli.com\/index.php?rest_route=%2Fwp%2Fv2%2Fproduct_cat&post=45052"},{"taxonomy":"product_tag","embeddable":true,"href":"https:\/\/www.deporteseli.com\/index.php?rest_route=%2Fwp%2Fv2%2Fproduct_tag&post=45052"}],"curies":[{"name":"wp","href":"https:\/\/api.w.org\/{rel}","templated":true}]}}