{"id":45047,"date":"2026-01-27T20:41:35","date_gmt":"2026-01-27T20:41:35","guid":{"rendered":"https:\/\/www.deporteseli.com\/?product=set-adidas-jj5041"},"modified":"2026-03-07T06:19:31","modified_gmt":"2026-03-07T06:19:31","slug":"set-adidas-jj5041","status":"publish","type":"product","link":"https:\/\/www.deporteseli.com\/?product=set-adidas-jj5041","title":{"rendered":"SET ADIDAS JJ5041"},"content":{"rendered":"<p>El conjunto adidas Train Essentials 3 Stripes ni\u00f1a es perfecto para j\u00f3venes deportistas que buscan comodidad y estilo. Su dise\u00f1o permite una total libertad de movimiento, ideal para concentrarse en el entrenamiento. Incluye una camiseta con logo adidas en el pecho y 3 bandas en las mangas, as\u00ed como unas mallas cortas a juego con logo en la pernera. Caracter\u00edsticas: Tejido de punto suave Dise\u00f1o con logo adidas Tecnolog\u00eda CLIMACOOL Material reciclado Ajuste c\u00f3modo Cintura el\u00e1stica Mallas cortas de secado r\u00e1pido Camiseta transpirable                                                                                                                                                                                                                                                                                                                                                                                                                                                                                                                                                                                                                                                                                                                                                                                                                                                                                                                                                                                                                                        <\/p>\n","protected":false},"excerpt":{"rendered":"<p>SET ADIDAS JJ5041<\/p>\n","protected":false},"featured_media":58000,"template":"","meta":[],"product_brand":[],"product_cat":[379],"product_tag":[18],"class_list":{"0":"post-45047","1":"product","2":"type-product","3":"status-publish","4":"has-post-thumbnail","6":"product_cat-ninas_textil_conjuntos","7":"product_tag-adidas","8":"pa_color-unico","9":"pa_talla-t-12","10":"pa_talla-t-16","11":"pa_talla-t-6","12":"pa_talla-t-8","13":"thunk-woo-product-list","14":"opn-qv-enable","15":"open-woo-hover-","16":"open-single-product-tab-horizontal","17":"open-shadow-","18":"open-shadow-hover-","20":"first","21":"instock","22":"shipping-taxable","23":"purchasable","24":"product-type-variable"},"jetpack_sharing_enabled":true,"_links":{"self":[{"href":"https:\/\/www.deporteseli.com\/index.php?rest_route=\/wp\/v2\/product\/45047","targetHints":{"allow":["GET"]}}],"collection":[{"href":"https:\/\/www.deporteseli.com\/index.php?rest_route=\/wp\/v2\/product"}],"about":[{"href":"https:\/\/www.deporteseli.com\/index.php?rest_route=\/wp\/v2\/types\/product"}],"wp:featuredmedia":[{"embeddable":true,"href":"https:\/\/www.deporteseli.com\/index.php?rest_route=\/wp\/v2\/media\/58000"}],"wp:attachment":[{"href":"https:\/\/www.deporteseli.com\/index.php?rest_route=%2Fwp%2Fv2%2Fmedia&parent=45047"}],"wp:term":[{"taxonomy":"product_brand","embeddable":true,"href":"https:\/\/www.deporteseli.com\/index.php?rest_route=%2Fwp%2Fv2%2Fproduct_brand&post=45047"},{"taxonomy":"product_cat","embeddable":true,"href":"https:\/\/www.deporteseli.com\/index.php?rest_route=%2Fwp%2Fv2%2Fproduct_cat&post=45047"},{"taxonomy":"product_tag","embeddable":true,"href":"https:\/\/www.deporteseli.com\/index.php?rest_route=%2Fwp%2Fv2%2Fproduct_tag&post=45047"}],"curies":[{"name":"wp","href":"https:\/\/api.w.org\/{rel}","templated":true}]}}