{"id":45044,"date":"2026-01-27T20:41:31","date_gmt":"2026-01-27T20:41:31","guid":{"rendered":"https:\/\/www.deporteseli.com\/?product=conjunto-de-camiseta-de-3-rayas"},"modified":"2026-03-07T06:19:26","modified_gmt":"2026-03-07T06:19:26","slug":"conjunto-de-camiseta-de-3-rayas","status":"publish","type":"product","link":"https:\/\/www.deporteseli.com\/?product=conjunto-de-camiseta-de-3-rayas","title":{"rendered":"CONJUNTO DE CAMISETA DE 3 RAYAS"},"content":{"rendered":"<p>Ajuste regular con tiro medio  CONJUNTO DE CAMISETA DE 3 RAYAS TRAIN ESSENTIALS PARA NI\u00d1OS  UN CONJUNTO DE CAMISETA Y PANTALONES CORTOS PARA J\u00d3VENES CON CLIMACOOL PARA MANTENERTE FRESCO, SECO Y PREPARADO.  Prep\u00e1rate para la comodidad con el conjunto adidas para j\u00f3venes. Su tejido ligero y corte cl\u00e1sico te permiten moverte sin l\u00edmites en cualquier actividad. CLIMACOOL absorbe y dispersa el sudor para un rendimiento fresco, seco y sin distracciones. Las distintivas 3 Rayas recorren cada pierna, demostrando tu pasi\u00f3n por el deporte. CLIMACOOL te ayuda a controlar el sudor con materiales que lo absorben y lo gestionan r\u00e1pidamente. Sus fibras de secado r\u00e1pido te brindan una sensaci\u00f3n de piel fresca.  Cuello redondo  100% poli\u00e9ster (reciclado)  Material transpirable de secado r\u00e1pido.  CLIMACOOL  Cintura el\u00e1stica con cord\u00f3n  Tejido que absorbe la humedad  C\u00f3digo de producto: JJ1030                                                                                                                                                                                                                                                                                                                                                                                                                                                                                                                                                                                                                                                                                                                                                                                                                                                                                                                                                                                                                                        <\/p>\n","protected":false},"excerpt":{"rendered":"<p>CONJUNTO DE CAMISETA DE 3 RAYAS<\/p>\n","protected":false},"featured_media":57997,"template":"","meta":[],"product_brand":[],"product_cat":[297],"product_tag":[18],"class_list":{"0":"post-45044","1":"product","2":"type-product","3":"status-publish","4":"has-post-thumbnail","6":"product_cat-nino_textil_conjuntos","7":"product_tag-adidas","8":"pa_color-unico","9":"pa_talla-t-6","10":"pa_talla-t-8","11":"thunk-woo-product-list","12":"opn-qv-enable","13":"open-woo-hover-","14":"open-single-product-tab-horizontal","15":"open-shadow-","16":"open-shadow-hover-","18":"first","19":"instock","20":"shipping-taxable","21":"purchasable","22":"product-type-variable"},"jetpack_sharing_enabled":true,"_links":{"self":[{"href":"https:\/\/www.deporteseli.com\/index.php?rest_route=\/wp\/v2\/product\/45044","targetHints":{"allow":["GET"]}}],"collection":[{"href":"https:\/\/www.deporteseli.com\/index.php?rest_route=\/wp\/v2\/product"}],"about":[{"href":"https:\/\/www.deporteseli.com\/index.php?rest_route=\/wp\/v2\/types\/product"}],"wp:featuredmedia":[{"embeddable":true,"href":"https:\/\/www.deporteseli.com\/index.php?rest_route=\/wp\/v2\/media\/57997"}],"wp:attachment":[{"href":"https:\/\/www.deporteseli.com\/index.php?rest_route=%2Fwp%2Fv2%2Fmedia&parent=45044"}],"wp:term":[{"taxonomy":"product_brand","embeddable":true,"href":"https:\/\/www.deporteseli.com\/index.php?rest_route=%2Fwp%2Fv2%2Fproduct_brand&post=45044"},{"taxonomy":"product_cat","embeddable":true,"href":"https:\/\/www.deporteseli.com\/index.php?rest_route=%2Fwp%2Fv2%2Fproduct_cat&post=45044"},{"taxonomy":"product_tag","embeddable":true,"href":"https:\/\/www.deporteseli.com\/index.php?rest_route=%2Fwp%2Fv2%2Fproduct_tag&post=45044"}],"curies":[{"name":"wp","href":"https:\/\/api.w.org\/{rel}","templated":true}]}}