{"id":45038,"date":"2026-01-27T20:41:23","date_gmt":"2026-01-27T20:41:23","guid":{"rendered":"https:\/\/www.deporteseli.com\/?product=pantalon-corto-essentials"},"modified":"2026-03-07T06:19:23","modified_gmt":"2026-03-07T06:19:23","slug":"pantalon-corto-essentials","status":"publish","type":"product","link":"https:\/\/www.deporteseli.com\/?product=pantalon-corto-essentials","title":{"rendered":"PANTAL\u00f3N CORTO ESSENTIALS"},"content":{"rendered":"<p>Corte cl\u00e1sico  UN ESTILO QUE TE ACOMPA\u00d1A DE SOL A SOL  Cuando el sol brilla, es el momento perfecto para lucir este pantal\u00f3n corto adidas para j\u00f3venes imparables. Se ha confeccionado en un tejido de algod\u00f3n suave y ligero que te brinda una comodidad excepcional durante todo el d\u00eda. La cintura con cord\u00f3n te garantiza un ajuste a medida, evitando que se deslice. Comb\u00ednalo con una camiseta de manga corta o una de tirantes y sal a disfrutar del buen tiempo.    Al elegir materiales reciclados, podemos dar nueva vida a materiales que ya se han utilizado, lo que contribuye a reducir los residuos. La utilizaci\u00f3n de materiales renovables nos ayuda a acabar con nuestra dependencia de los recursos finitos. Nuestros productos fabricados con materiales reciclados y renovables contienen al menos un 70% de estos materiales.  Cintura el\u00e1stica con cord\u00f3n  100% algod\u00f3n  Talle medio  Bolsillos frontales  Contiene al menos un 70% de material reciclado y renovable  Color del art\u00edculo: Black \/ White  N\u00famero de art\u00edculo: JE1391                                                                                                                                                                                                                                                                                                                                                                                                                                                                                                                                                                                                                                                                                                                                                                                                                                                                                                                                                                                                                                        <\/p>\n","protected":false},"excerpt":{"rendered":"<p>PANTAL\u00f3N CORTO ESSENTIALS<\/p>\n","protected":false},"featured_media":57995,"template":"","meta":[],"product_brand":[],"product_cat":[300],"product_tag":[18],"class_list":{"0":"post-45038","1":"product","2":"type-product","3":"status-publish","4":"has-post-thumbnail","6":"product_cat-nino_textil_shorts","7":"product_tag-adidas","8":"pa_color-unico","9":"pa_talla-t-10","10":"pa_talla-t-12","11":"pa_talla-t-14","12":"pa_talla-t-16","13":"pa_talla-t-8","14":"thunk-woo-product-list","15":"opn-qv-enable","16":"open-woo-hover-","17":"open-single-product-tab-horizontal","18":"open-shadow-","19":"open-shadow-hover-","21":"first","22":"instock","23":"shipping-taxable","24":"purchasable","25":"product-type-variable"},"jetpack_sharing_enabled":true,"_links":{"self":[{"href":"https:\/\/www.deporteseli.com\/index.php?rest_route=\/wp\/v2\/product\/45038","targetHints":{"allow":["GET"]}}],"collection":[{"href":"https:\/\/www.deporteseli.com\/index.php?rest_route=\/wp\/v2\/product"}],"about":[{"href":"https:\/\/www.deporteseli.com\/index.php?rest_route=\/wp\/v2\/types\/product"}],"wp:featuredmedia":[{"embeddable":true,"href":"https:\/\/www.deporteseli.com\/index.php?rest_route=\/wp\/v2\/media\/57995"}],"wp:attachment":[{"href":"https:\/\/www.deporteseli.com\/index.php?rest_route=%2Fwp%2Fv2%2Fmedia&parent=45038"}],"wp:term":[{"taxonomy":"product_brand","embeddable":true,"href":"https:\/\/www.deporteseli.com\/index.php?rest_route=%2Fwp%2Fv2%2Fproduct_brand&post=45038"},{"taxonomy":"product_cat","embeddable":true,"href":"https:\/\/www.deporteseli.com\/index.php?rest_route=%2Fwp%2Fv2%2Fproduct_cat&post=45038"},{"taxonomy":"product_tag","embeddable":true,"href":"https:\/\/www.deporteseli.com\/index.php?rest_route=%2Fwp%2Fv2%2Fproduct_tag&post=45038"}],"curies":[{"name":"wp","href":"https:\/\/api.w.org\/{rel}","templated":true}]}}