{"id":45027,"date":"2026-01-27T20:41:08","date_gmt":"2026-01-27T20:41:08","guid":{"rendered":"https:\/\/www.deporteseli.com\/?product=camiseta-essentials-single-jersey-3-bandas-2"},"modified":"2026-04-05T04:17:57","modified_gmt":"2026-04-05T04:17:57","slug":"camiseta-essentials-single-jersey-3-bandas-2","status":"publish","type":"product","link":"https:\/\/www.deporteseli.com\/?product=camiseta-essentials-single-jersey-3-bandas-2","title":{"rendered":"CAMISETA ESSENTIALS SINGLE JERSEY 3 BANDAS"},"content":{"rendered":"<p>UN B\u00c1SICO QUE NO PUEDE FALTAR EN TU ARMARIO  Esta camiseta adidas presenta un dise\u00f1o vers\u00e1til que combina con todo. Se ha confeccionado en un tejido de algod\u00f3n muy c\u00f3modo y suave al tacto. Las 3 bandas en los hombros y el logotipo de las 3 bandas bordado en la parte frontal son un gui\u00f1o al legado de adidas.  Corte cl\u00e1sico  Cuello redondo de canal\u00e9  100% algod\u00f3n  Hombros con las costuras ca\u00eddas  Color del art\u00edculo: White \/ Black  N\u00famero de art\u00edculo: JW1952                                                                                                                                                                                                                                                                                                                                                                                                                                                                                                                                                                                                                                                                                                                                                                                                                                                                                                                                                                                                                                        <\/p>\n","protected":false},"excerpt":{"rendered":"<p>CAMISETA ESSENTIALS SINGLE JERSEY 3 BANDAS<\/p>\n","protected":false},"featured_media":57987,"template":"","meta":[],"product_brand":[],"product_cat":[245],"product_tag":[18],"class_list":{"0":"post-45027","1":"product","2":"type-product","3":"status-publish","4":"has-post-thumbnail","6":"product_cat-hombre_textil_camisetas","7":"product_tag-adidas","8":"pa_color-unico","9":"pa_talla-l","10":"pa_talla-m","11":"pa_talla-xl","12":"thunk-woo-product-list","13":"opn-qv-enable","14":"open-woo-hover-","15":"open-single-product-tab-horizontal","16":"open-shadow-","17":"open-shadow-hover-","19":"first","20":"instock","21":"shipping-taxable","22":"purchasable","23":"product-type-variable"},"jetpack_sharing_enabled":true,"_links":{"self":[{"href":"https:\/\/www.deporteseli.com\/index.php?rest_route=\/wp\/v2\/product\/45027","targetHints":{"allow":["GET"]}}],"collection":[{"href":"https:\/\/www.deporteseli.com\/index.php?rest_route=\/wp\/v2\/product"}],"about":[{"href":"https:\/\/www.deporteseli.com\/index.php?rest_route=\/wp\/v2\/types\/product"}],"wp:featuredmedia":[{"embeddable":true,"href":"https:\/\/www.deporteseli.com\/index.php?rest_route=\/wp\/v2\/media\/57987"}],"wp:attachment":[{"href":"https:\/\/www.deporteseli.com\/index.php?rest_route=%2Fwp%2Fv2%2Fmedia&parent=45027"}],"wp:term":[{"taxonomy":"product_brand","embeddable":true,"href":"https:\/\/www.deporteseli.com\/index.php?rest_route=%2Fwp%2Fv2%2Fproduct_brand&post=45027"},{"taxonomy":"product_cat","embeddable":true,"href":"https:\/\/www.deporteseli.com\/index.php?rest_route=%2Fwp%2Fv2%2Fproduct_cat&post=45027"},{"taxonomy":"product_tag","embeddable":true,"href":"https:\/\/www.deporteseli.com\/index.php?rest_route=%2Fwp%2Fv2%2Fproduct_tag&post=45027"}],"curies":[{"name":"wp","href":"https:\/\/api.w.org\/{rel}","templated":true}]}}