{"id":45015,"date":"2026-01-27T20:40:48","date_gmt":"2026-01-27T20:40:48","guid":{"rendered":"https:\/\/www.deporteseli.com\/?product=pantalones-cortos-para-ninos"},"modified":"2026-04-10T04:18:42","modified_gmt":"2026-04-10T04:18:42","slug":"pantalones-cortos-para-ninos","status":"publish","type":"product","link":"https:\/\/www.deporteseli.com\/?product=pantalones-cortos-para-ninos","title":{"rendered":"PANTALONES CORTOS PARA NI\u00f1OS"},"content":{"rendered":"<p>Pantalones cortos Adidas para ni\u00f1os con logotipo grande    Cuando el sol pega fuerte, estos pantalones cortos adidas junior son la elecci\u00f3n perfecta. Fabricadas en algod\u00f3n suave y ligero, garantizan el m\u00e1ximo confort. La cintura con cord\u00f3n ajustable te permite encontrar el ajuste perfecto para la libertad de movimiento. Comb\u00ednalos con tu camiseta o top de tirantes favorito y disfruta del buen tiempo.    Elegir materiales reciclados nos permite reutilizar lo que ya se ha creado, ayudando a reducir los residuos y la basura. Elegir materiales renovables nos ayudar\u00e1 a reducir nuestra dependencia de recursos limitados. Nuestros productos elaborados con una mezcla de materiales reciclados y renovables contienen al menos un 70% de estos materiales en total.                                                                                                                                                                                                                                                                                                                                                                                                                                                                                                                                                                                                                                                                                                                                                                                                                                                                                                                                                                                                                                        <\/p>\n","protected":false},"excerpt":{"rendered":"<p>PANTALONES CORTOS PARA NI\u00f1OS<\/p>\n","protected":false},"featured_media":57977,"template":"","meta":[],"product_brand":[],"product_cat":[299],"product_tag":[18],"class_list":{"0":"post-45015","1":"product","2":"type-product","3":"status-publish","4":"has-post-thumbnail","6":"product_cat-nino_textil_bermudas","7":"product_tag-adidas","8":"pa_color-unico","9":"pa_talla-t-10","10":"pa_talla-t-12","11":"pa_talla-t-14","12":"pa_talla-t-16","13":"pa_talla-t-8","14":"thunk-woo-product-list","15":"opn-qv-enable","16":"open-woo-hover-","17":"open-single-product-tab-horizontal","18":"open-shadow-","19":"open-shadow-hover-","21":"first","22":"instock","23":"shipping-taxable","24":"purchasable","25":"product-type-variable"},"jetpack_sharing_enabled":true,"_links":{"self":[{"href":"https:\/\/www.deporteseli.com\/index.php?rest_route=\/wp\/v2\/product\/45015","targetHints":{"allow":["GET"]}}],"collection":[{"href":"https:\/\/www.deporteseli.com\/index.php?rest_route=\/wp\/v2\/product"}],"about":[{"href":"https:\/\/www.deporteseli.com\/index.php?rest_route=\/wp\/v2\/types\/product"}],"wp:featuredmedia":[{"embeddable":true,"href":"https:\/\/www.deporteseli.com\/index.php?rest_route=\/wp\/v2\/media\/57977"}],"wp:attachment":[{"href":"https:\/\/www.deporteseli.com\/index.php?rest_route=%2Fwp%2Fv2%2Fmedia&parent=45015"}],"wp:term":[{"taxonomy":"product_brand","embeddable":true,"href":"https:\/\/www.deporteseli.com\/index.php?rest_route=%2Fwp%2Fv2%2Fproduct_brand&post=45015"},{"taxonomy":"product_cat","embeddable":true,"href":"https:\/\/www.deporteseli.com\/index.php?rest_route=%2Fwp%2Fv2%2Fproduct_cat&post=45015"},{"taxonomy":"product_tag","embeddable":true,"href":"https:\/\/www.deporteseli.com\/index.php?rest_route=%2Fwp%2Fv2%2Fproduct_tag&post=45015"}],"curies":[{"name":"wp","href":"https:\/\/api.w.org\/{rel}","templated":true}]}}