{"id":44988,"date":"2026-01-27T20:40:09","date_gmt":"2026-01-27T20:40:09","guid":{"rendered":"https:\/\/www.deporteseli.com\/?product=gorra-de-beisbol-new-logo"},"modified":"2026-01-27T20:40:12","modified_gmt":"2026-01-27T20:40:12","slug":"gorra-de-beisbol-new-logo","status":"publish","type":"product","link":"https:\/\/www.deporteseli.com\/?product=gorra-de-beisbol-new-logo","title":{"rendered":"GORRA DE B\u00e9ISBOL NEW LOGO"},"content":{"rendered":"<p>GORRA DE B\u00c9ISBOL NEW LOGO  UNA GORRA DEPORTIVA CL\u00c1SICA HECHA PARCIALMENTE CON UNA MEZCLA DE MATERIALES RECICLADOS Y RENOVABLES.  Ya sea que est\u00e9s buscando proteger tus ojos del sol o simplemente mostrar tu estilo deportivo, esta gorra adidas es justo lo que necesitas. La visera precurvada y el cierre trasero ajustable le dan un look cl\u00e1sico y deportivo. Confeccionada en sarga de algod\u00f3n suave y resistente, luce un logo de las 3 Barras en el frente. Al elegir contenido reciclado, podemos reutilizar materiales que ya han sido creados, lo que ayuda a reducir los residuos. La utilizaci\u00f3n de materiales renovables nos ayudar\u00e1 a eliminar nuestra dependencia de los recursos finitos. Nuestros productos hechos con una mezcla de materiales reciclados y renovables incorporan al menos un 50 % de este material.  Talla \u00fanica  100 % algod\u00f3n  Visera precurvada mediana  Contiene al menos un 50 % de material reciclado y renovable  C\u00f3digo del producto : JP0393                                                                                                                                                                                                                                                                                                                                                                                                                                                                                                                                                                                                                                                                                                                                                                                                                                                                                                                                                                                                                                        <\/p>\n","protected":false},"excerpt":{"rendered":"<p>GORRA DE B\u00e9ISBOL NEW LOGO<\/p>\n","protected":false},"featured_media":57960,"template":"","meta":[],"product_brand":[],"product_cat":[399],"product_tag":[18],"class_list":{"0":"post-44988","1":"product","2":"type-product","3":"status-publish","4":"has-post-thumbnail","6":"product_cat-accesorios_gorras","7":"product_tag-adidas","8":"pa_color-unico","9":"pa_talla-l","10":"pa_talla-xl","11":"thunk-woo-product-list","12":"opn-qv-enable","13":"open-woo-hover-","14":"open-single-product-tab-horizontal","15":"open-shadow-","16":"open-shadow-hover-","18":"first","19":"instock","20":"shipping-taxable","21":"purchasable","22":"product-type-variable"},"jetpack_sharing_enabled":true,"_links":{"self":[{"href":"https:\/\/www.deporteseli.com\/index.php?rest_route=\/wp\/v2\/product\/44988","targetHints":{"allow":["GET"]}}],"collection":[{"href":"https:\/\/www.deporteseli.com\/index.php?rest_route=\/wp\/v2\/product"}],"about":[{"href":"https:\/\/www.deporteseli.com\/index.php?rest_route=\/wp\/v2\/types\/product"}],"wp:featuredmedia":[{"embeddable":true,"href":"https:\/\/www.deporteseli.com\/index.php?rest_route=\/wp\/v2\/media\/57960"}],"wp:attachment":[{"href":"https:\/\/www.deporteseli.com\/index.php?rest_route=%2Fwp%2Fv2%2Fmedia&parent=44988"}],"wp:term":[{"taxonomy":"product_brand","embeddable":true,"href":"https:\/\/www.deporteseli.com\/index.php?rest_route=%2Fwp%2Fv2%2Fproduct_brand&post=44988"},{"taxonomy":"product_cat","embeddable":true,"href":"https:\/\/www.deporteseli.com\/index.php?rest_route=%2Fwp%2Fv2%2Fproduct_cat&post=44988"},{"taxonomy":"product_tag","embeddable":true,"href":"https:\/\/www.deporteseli.com\/index.php?rest_route=%2Fwp%2Fv2%2Fproduct_tag&post=44988"}],"curies":[{"name":"wp","href":"https:\/\/api.w.org\/{rel}","templated":true}]}}