{"id":44986,"date":"2026-01-27T20:40:06","date_gmt":"2026-01-27T20:40:06","guid":{"rendered":"https:\/\/www.deporteseli.com\/?product=mochila-saco-linear"},"modified":"2026-01-27T20:40:08","modified_gmt":"2026-01-27T20:40:08","slug":"mochila-saco-linear","status":"publish","type":"product","link":"https:\/\/www.deporteseli.com\/?product=mochila-saco-linear","title":{"rendered":"MOCHILA SACO LINEAR"},"content":{"rendered":"<p>MUESTRA TU PASI\u00d3N POR ADIDAS  La mochila saco Linear de adidas es perfecta para ir al gimnasio o hacer recados por la ciudad. Presenta un dise\u00f1o c\u00f3modo y ligero con un cierre de cord\u00f3n que te permite acceder f\u00e1cilmente a tus cosas. El logotipo de adidas en la parte frontal le aporta un toque deportivo. Ll\u00e9vala contigo en tu pr\u00f3xima aventura.    Este producto se ha fabricado con al menos un 50% de materiales reciclados. Utilizando materiales reciclados, reducimos los residuos, nuestra dependencia de los recursos finitos y la huella que generan los productos que fabricamos.  Dimensiones: 36 cm x 43 cm  Capacidad: 13,25 l  100% poli\u00e9ster (reciclado)  Color del art\u00edculo: Black \/ White  N\u00famero de art\u00edculo: JE8342                                                                                                                                                                                                                                                                                                                                                                                                                                                                                                                                                                                                                                                                                                                                                                                                                                                                                                                                                                                                                                        <\/p>\n","protected":false},"excerpt":{"rendered":"<p>MOCHILA SACO LINEAR<\/p>\n","protected":false},"featured_media":57958,"template":"","meta":[],"product_brand":[],"product_cat":[401],"product_tag":[18],"class_list":{"0":"post-44986","1":"product","2":"type-product","3":"status-publish","4":"has-post-thumbnail","6":"product_cat-accesorios_mochilas","7":"product_tag-adidas","8":"pa_color-unico","9":"pa_talla-unica","10":"thunk-woo-product-list","11":"opn-qv-enable","12":"open-woo-hover-","13":"open-single-product-tab-horizontal","14":"open-shadow-","15":"open-shadow-hover-","17":"first","18":"instock","19":"shipping-taxable","20":"purchasable","21":"product-type-variable"},"jetpack_sharing_enabled":true,"_links":{"self":[{"href":"https:\/\/www.deporteseli.com\/index.php?rest_route=\/wp\/v2\/product\/44986","targetHints":{"allow":["GET"]}}],"collection":[{"href":"https:\/\/www.deporteseli.com\/index.php?rest_route=\/wp\/v2\/product"}],"about":[{"href":"https:\/\/www.deporteseli.com\/index.php?rest_route=\/wp\/v2\/types\/product"}],"wp:featuredmedia":[{"embeddable":true,"href":"https:\/\/www.deporteseli.com\/index.php?rest_route=\/wp\/v2\/media\/57958"}],"wp:attachment":[{"href":"https:\/\/www.deporteseli.com\/index.php?rest_route=%2Fwp%2Fv2%2Fmedia&parent=44986"}],"wp:term":[{"taxonomy":"product_brand","embeddable":true,"href":"https:\/\/www.deporteseli.com\/index.php?rest_route=%2Fwp%2Fv2%2Fproduct_brand&post=44986"},{"taxonomy":"product_cat","embeddable":true,"href":"https:\/\/www.deporteseli.com\/index.php?rest_route=%2Fwp%2Fv2%2Fproduct_cat&post=44986"},{"taxonomy":"product_tag","embeddable":true,"href":"https:\/\/www.deporteseli.com\/index.php?rest_route=%2Fwp%2Fv2%2Fproduct_tag&post=44986"}],"curies":[{"name":"wp","href":"https:\/\/api.w.org\/{rel}","templated":true}]}}