{"id":44978,"date":"2026-01-27T20:39:56","date_gmt":"2026-01-27T20:39:56","guid":{"rendered":"https:\/\/www.deporteseli.com\/?product=gorra-adidas-jd1330"},"modified":"2026-02-16T07:55:08","modified_gmt":"2026-02-16T07:55:08","slug":"gorra-adidas-jd1330","status":"publish","type":"product","link":"https:\/\/www.deporteseli.com\/?product=gorra-adidas-jd1330","title":{"rendered":"GORRA ADIDAS JD1330"},"content":{"rendered":"<p>Caracter\u00edsticas  Si buscas un accesorio que combine estilo y funcionalidad para tu hijo, esta gorra adidas es justo lo que necesitas. Con una visera curvada que protege del sol y un tejido de sarga resistente, esta gorra est\u00e1 dise\u00f1ada para aguantar el ritmo de su d\u00eda a d\u00eda. Su dise\u00f1o llamativo con detalles en contraste con un toque moderno y fresco que seguro le encantar\u00e1, haciendo que destaque en cualquier ocasi\u00f3n. Adem\u00e1s, cuenta con un cierre ajustable en la nuca para que puedas llevarla siempre a su medida y con total comodidad. Ya sea para salir al parque, jugar con amigos o completar su look casual, esta gorra es el mejor complemento para sus looks.    100% algod\u00f3n    Cierre ajustable en la nuca    MODELO: JD1330                                                                                                                                                                                                                                                                                                                                                                                                                                                                                                                                                                                                                                                                                                                                                                                                                                                                                                                                                                                                                                        <\/p>\n","protected":false},"excerpt":{"rendered":"<p>GORRA ADIDAS JD1330<\/p>\n","protected":false},"featured_media":57951,"template":"","meta":[],"product_brand":[],"product_cat":[399],"product_tag":[18],"class_list":{"0":"post-44978","1":"product","2":"type-product","3":"status-publish","4":"has-post-thumbnail","6":"product_cat-accesorios_gorras","7":"product_tag-adidas","8":"pa_color-unico","9":"pa_talla-m","10":"pa_talla-s","11":"pa_talla-xl","12":"thunk-woo-product-list","13":"opn-qv-enable","14":"open-woo-hover-","15":"open-single-product-tab-horizontal","16":"open-shadow-","17":"open-shadow-hover-","19":"first","20":"instock","21":"shipping-taxable","22":"purchasable","23":"product-type-variable"},"jetpack_sharing_enabled":true,"_links":{"self":[{"href":"https:\/\/www.deporteseli.com\/index.php?rest_route=\/wp\/v2\/product\/44978","targetHints":{"allow":["GET"]}}],"collection":[{"href":"https:\/\/www.deporteseli.com\/index.php?rest_route=\/wp\/v2\/product"}],"about":[{"href":"https:\/\/www.deporteseli.com\/index.php?rest_route=\/wp\/v2\/types\/product"}],"wp:featuredmedia":[{"embeddable":true,"href":"https:\/\/www.deporteseli.com\/index.php?rest_route=\/wp\/v2\/media\/57951"}],"wp:attachment":[{"href":"https:\/\/www.deporteseli.com\/index.php?rest_route=%2Fwp%2Fv2%2Fmedia&parent=44978"}],"wp:term":[{"taxonomy":"product_brand","embeddable":true,"href":"https:\/\/www.deporteseli.com\/index.php?rest_route=%2Fwp%2Fv2%2Fproduct_brand&post=44978"},{"taxonomy":"product_cat","embeddable":true,"href":"https:\/\/www.deporteseli.com\/index.php?rest_route=%2Fwp%2Fv2%2Fproduct_cat&post=44978"},{"taxonomy":"product_tag","embeddable":true,"href":"https:\/\/www.deporteseli.com\/index.php?rest_route=%2Fwp%2Fv2%2Fproduct_tag&post=44978"}],"curies":[{"name":"wp","href":"https:\/\/api.w.org\/{rel}","templated":true}]}}